{"id":801,"date":"2026-03-01T12:17:54","date_gmt":"2026-03-01T12:17:54","guid":{"rendered":"https:\/\/lavinicola-geneve.ch\/"},"modified":"2026-03-03T10:14:19","modified_gmt":"2026-03-03T10:14:19","slug":"colomba-al-tiramisu-croccante","status":"publish","type":"product","link":"https:\/\/lavinicola-geneve.ch\/it\/produit\/colombe-tiramisu-croccante\/","title":{"rendered":"Tiramis\u00f9 croccante alla colomba"},"content":{"rendered":"<p>Disponibile in 750 g<\/p>","protected":false},"excerpt":{"rendered":"<p>Disponibile in 750 g<\/p>","protected":false},"featured_media":775,"template":"","meta":{"_et_pb_use_builder":"off","_et_pb_old_content":"Le panettone est le dessert de No\u00ebl italien typique et unique, qui donne des ar\u00f4mes et des saveurs anciens et nouveaux.\r\nAujourd\u2019hui, le petit-fils et chef Carmine (avec Nonna Rosa dans notre logo) a perp\u00e9tu\u00e9 cette tradition en se concentrant sur des ingr\u00e9dients frais, naturels et authentiques pour se diff\u00e9rencier de la production industrielle.\r\nC\u2019est ainsi qu\u2019est n\u00e9 notre panettone : 24 heures de traitement pour ravir les palais des clients les plus exigeants le jour de No\u00ebl.\r\nUn produit simple, avec une saveur originale due \u00e0 une pr\u00e9paration complexe.","_et_gb_content_width":""},"product_brand":[],"product_cat":[27],"product_tag":[],"class_list":{"0":"post-801","1":"product","2":"type-product","3":"status-publish","4":"has-post-thumbnail","6":"product_cat-colombe","8":"first","9":"instock","10":"shipping-taxable","11":"purchasable","12":"product-type-simple"},"yoast_head":"<!-- This site is optimized with the Yoast SEO plugin v27.3 - https:\/\/yoast.com\/product\/yoast-seo-wordpress\/ -->\n<title>\u00c9picerie fine italienne Gen\u00e8ve \u2013 La Vinicola<\/title>\n<meta name=\"description\" content=\"La Vinicola, \u00e9picerie fine italienne \u00e0 Gen\u00e8ve. Produits d\u2019Italie authentiques : vins, biscuits, panettone, huile d&#039;olive, miel, caf\u00e9 etc.\" \/>\n<meta name=\"robots\" content=\"index, follow, max-snippet:-1, max-image-preview:large, max-video-preview:-1\" \/>\n<link rel=\"canonical\" href=\"https:\/\/lavinicola-geneve.ch\/it\/prodotto\/colomba-al-tiramisu-croccante\/\" \/>\n<meta property=\"og:locale\" content=\"fr_FR\" \/>\n<meta property=\"og:type\" content=\"article\" \/>\n<meta property=\"og:title\" content=\"\u00c9picerie fine italienne Gen\u00e8ve \u2013 La Vinicola\" \/>\n<meta property=\"og:description\" content=\"La Vinicola, \u00e9picerie fine italienne \u00e0 Gen\u00e8ve. Produits d\u2019Italie authentiques : vins, biscuits, panettone, huile d&#039;olive, miel, caf\u00e9 etc.\" \/>\n<meta property=\"og:url\" content=\"https:\/\/lavinicola-geneve.ch\/it\/prodotto\/colomba-al-tiramisu-croccante\/\" \/>\n<meta property=\"og:site_name\" content=\"la vinicola - \u00e9picerie italienne\" \/>\n<meta property=\"article:modified_time\" content=\"2026-03-03T10:14:19+00:00\" \/>\n<meta property=\"og:image\" content=\"https:\/\/lavinicola-geneve.ch\/wp-content\/uploads\/2026\/03\/bae3d1b3-cd51-4a64-844e-e84bbfd072a5.jpg\" \/>\n\t<meta property=\"og:image:width\" content=\"1080\" \/>\n\t<meta property=\"og:image:height\" content=\"1080\" \/>\n\t<meta property=\"og:image:type\" content=\"image\/jpeg\" \/>\n<meta name=\"twitter:card\" content=\"summary_large_image\" \/>\n<script type=\"application\/ld+json\" class=\"yoast-schema-graph\">{\"@context\":\"https:\\\/\\\/schema.org\",\"@graph\":[{\"@type\":\"WebPage\",\"@id\":\"https:\\\/\\\/lavinicola-geneve.ch\\\/produit\\\/colombe-tiramisu-croccante\\\/\",\"url\":\"https:\\\/\\\/lavinicola-geneve.ch\\\/produit\\\/colombe-tiramisu-croccante\\\/\",\"name\":\"\u00c9picerie fine italienne Gen\u00e8ve \u2013 La Vinicola\",\"isPartOf\":{\"@id\":\"https:\\\/\\\/lavinicola-geneve.ch\\\/#website\"},\"primaryImageOfPage\":{\"@id\":\"https:\\\/\\\/lavinicola-geneve.ch\\\/produit\\\/colombe-tiramisu-croccante\\\/#primaryimage\"},\"image\":{\"@id\":\"https:\\\/\\\/lavinicola-geneve.ch\\\/produit\\\/colombe-tiramisu-croccante\\\/#primaryimage\"},\"thumbnailUrl\":\"https:\\\/\\\/lavinicola-geneve.ch\\\/wp-content\\\/uploads\\\/2026\\\/03\\\/bae3d1b3-cd51-4a64-844e-e84bbfd072a5.jpg\",\"datePublished\":\"2026-03-01T12:17:54+00:00\",\"dateModified\":\"2026-03-03T10:14:19+00:00\",\"description\":\"La Vinicola, \u00e9picerie fine italienne \u00e0 Gen\u00e8ve. Produits d\u2019Italie authentiques : vins, biscuits, panettone, huile d'olive, miel, caf\u00e9 etc.\",\"breadcrumb\":{\"@id\":\"https:\\\/\\\/lavinicola-geneve.ch\\\/produit\\\/colombe-tiramisu-croccante\\\/#breadcrumb\"},\"inLanguage\":\"fr-CH\",\"potentialAction\":[{\"@type\":\"ReadAction\",\"target\":[\"https:\\\/\\\/lavinicola-geneve.ch\\\/produit\\\/colombe-tiramisu-croccante\\\/\"]}]},{\"@type\":\"ImageObject\",\"inLanguage\":\"fr-CH\",\"@id\":\"https:\\\/\\\/lavinicola-geneve.ch\\\/produit\\\/colombe-tiramisu-croccante\\\/#primaryimage\",\"url\":\"https:\\\/\\\/lavinicola-geneve.ch\\\/wp-content\\\/uploads\\\/2026\\\/03\\\/bae3d1b3-cd51-4a64-844e-e84bbfd072a5.jpg\",\"contentUrl\":\"https:\\\/\\\/lavinicola-geneve.ch\\\/wp-content\\\/uploads\\\/2026\\\/03\\\/bae3d1b3-cd51-4a64-844e-e84bbfd072a5.jpg\",\"width\":1080,\"height\":1080},{\"@type\":\"BreadcrumbList\",\"@id\":\"https:\\\/\\\/lavinicola-geneve.ch\\\/produit\\\/colombe-tiramisu-croccante\\\/#breadcrumb\",\"itemListElement\":[{\"@type\":\"ListItem\",\"position\":1,\"name\":\"Accueil\",\"item\":\"https:\\\/\\\/lavinicola-geneve.ch\\\/\"},{\"@type\":\"ListItem\",\"position\":2,\"name\":\"Boutique\",\"item\":\"https:\\\/\\\/lavinicola-geneve.ch\\\/boutique\\\/\"},{\"@type\":\"ListItem\",\"position\":3,\"name\":\"Colombe Tiramisu Croccante\"}]},{\"@type\":\"WebSite\",\"@id\":\"https:\\\/\\\/lavinicola-geneve.ch\\\/#website\",\"url\":\"https:\\\/\\\/lavinicola-geneve.ch\\\/\",\"name\":\"la vinicola - \u00e9picerie italienne\",\"description\":\"Vinoth\u00e8que et \u00e9picerie fine italienne\",\"publisher\":{\"@id\":\"https:\\\/\\\/lavinicola-geneve.ch\\\/#organization\"},\"potentialAction\":[{\"@type\":\"SearchAction\",\"target\":{\"@type\":\"EntryPoint\",\"urlTemplate\":\"https:\\\/\\\/lavinicola-geneve.ch\\\/?s={search_term_string}\"},\"query-input\":{\"@type\":\"PropertyValueSpecification\",\"valueRequired\":true,\"valueName\":\"search_term_string\"}}],\"inLanguage\":\"fr-CH\"},{\"@type\":\"Organization\",\"@id\":\"https:\\\/\\\/lavinicola-geneve.ch\\\/#organization\",\"name\":\"la vinicola - \u00e9picerie italienne\",\"url\":\"https:\\\/\\\/lavinicola-geneve.ch\\\/\",\"logo\":{\"@type\":\"ImageObject\",\"inLanguage\":\"fr-CH\",\"@id\":\"https:\\\/\\\/lavinicola-geneve.ch\\\/#\\\/schema\\\/logo\\\/image\\\/\",\"url\":\"https:\\\/\\\/lavinicola-geneve.ch\\\/wp-content\\\/uploads\\\/2025\\\/08\\\/logo-recu.jpeg\",\"contentUrl\":\"https:\\\/\\\/lavinicola-geneve.ch\\\/wp-content\\\/uploads\\\/2025\\\/08\\\/logo-recu.jpeg\",\"width\":1024,\"height\":841,\"caption\":\"la vinicola - \u00e9picerie italienne\"},\"image\":{\"@id\":\"https:\\\/\\\/lavinicola-geneve.ch\\\/#\\\/schema\\\/logo\\\/image\\\/\"},\"sameAs\":[\"https:\\\/\\\/www.instagram.com\\\/aamorefood\",\"https:\\\/\\\/www.linkedin.com\\\/in\\\/armando-amore-42692a33b\\\/\"]}]}<\/script>\n<!-- \/ Yoast SEO plugin. -->","yoast_head_json":{"title":"Gastronomia italiana Ginevra \u2013 La Vinicola","description":"La Vinicola, una gastronomia italiana a Ginevra. Prodotti italiani autentici: vini, biscotti, panettone, olio d&#039;oliva, miele, caff\u00e8, ecc.","robots":{"index":"index","follow":"follow","max-snippet":"max-snippet:-1","max-image-preview":"max-image-preview:large","max-video-preview":"max-video-preview:-1"},"canonical":"https:\/\/lavinicola-geneve.ch\/it\/prodotto\/colomba-al-tiramisu-croccante\/","og_locale":"fr_FR","og_type":"article","og_title":"\u00c9picerie fine italienne Gen\u00e8ve \u2013 La Vinicola","og_description":"La Vinicola, \u00e9picerie fine italienne \u00e0 Gen\u00e8ve. Produits d\u2019Italie authentiques : vins, biscuits, panettone, huile d'olive, miel, caf\u00e9 etc.","og_url":"https:\/\/lavinicola-geneve.ch\/it\/prodotto\/colomba-al-tiramisu-croccante\/","og_site_name":"la vinicola - \u00e9picerie italienne","article_modified_time":"2026-03-03T10:14:19+00:00","og_image":[{"width":1080,"height":1080,"url":"https:\/\/lavinicola-geneve.ch\/wp-content\/uploads\/2026\/03\/bae3d1b3-cd51-4a64-844e-e84bbfd072a5.jpg","type":"image\/jpeg"}],"twitter_card":"summary_large_image","schema":{"@context":"https:\/\/schema.org","@graph":[{"@type":"WebPage","@id":"https:\/\/lavinicola-geneve.ch\/produit\/colombe-tiramisu-croccante\/","url":"https:\/\/lavinicola-geneve.ch\/produit\/colombe-tiramisu-croccante\/","name":"Gastronomia italiana Ginevra \u2013 La Vinicola","isPartOf":{"@id":"https:\/\/lavinicola-geneve.ch\/#website"},"primaryImageOfPage":{"@id":"https:\/\/lavinicola-geneve.ch\/produit\/colombe-tiramisu-croccante\/#primaryimage"},"image":{"@id":"https:\/\/lavinicola-geneve.ch\/produit\/colombe-tiramisu-croccante\/#primaryimage"},"thumbnailUrl":"https:\/\/lavinicola-geneve.ch\/wp-content\/uploads\/2026\/03\/bae3d1b3-cd51-4a64-844e-e84bbfd072a5.jpg","datePublished":"2026-03-01T12:17:54+00:00","dateModified":"2026-03-03T10:14:19+00:00","description":"La Vinicola, una gastronomia italiana a Ginevra. Prodotti italiani autentici: vini, biscotti, panettone, olio d&#039;oliva, miele, caff\u00e8, ecc.","breadcrumb":{"@id":"https:\/\/lavinicola-geneve.ch\/produit\/colombe-tiramisu-croccante\/#breadcrumb"},"inLanguage":"fr-CH","potentialAction":[{"@type":"ReadAction","target":["https:\/\/lavinicola-geneve.ch\/produit\/colombe-tiramisu-croccante\/"]}]},{"@type":"ImageObject","inLanguage":"fr-CH","@id":"https:\/\/lavinicola-geneve.ch\/produit\/colombe-tiramisu-croccante\/#primaryimage","url":"https:\/\/lavinicola-geneve.ch\/wp-content\/uploads\/2026\/03\/bae3d1b3-cd51-4a64-844e-e84bbfd072a5.jpg","contentUrl":"https:\/\/lavinicola-geneve.ch\/wp-content\/uploads\/2026\/03\/bae3d1b3-cd51-4a64-844e-e84bbfd072a5.jpg","width":1080,"height":1080},{"@type":"BreadcrumbList","@id":"https:\/\/lavinicola-geneve.ch\/produit\/colombe-tiramisu-croccante\/#breadcrumb","itemListElement":[{"@type":"ListItem","position":1,"name":"Accueil","item":"https:\/\/lavinicola-geneve.ch\/"},{"@type":"ListItem","position":2,"name":"Boutique","item":"https:\/\/lavinicola-geneve.ch\/boutique\/"},{"@type":"ListItem","position":3,"name":"Colombe Tiramisu Croccante"}]},{"@type":"WebSite","@id":"https:\/\/lavinicola-geneve.ch\/#website","url":"https:\/\/lavinicola-geneve.ch\/","name":"la vinicola - negozio di alimentari italiano","description":"Enoteca e gastronomia italiana","publisher":{"@id":"https:\/\/lavinicola-geneve.ch\/#organization"},"potentialAction":[{"@type":"SearchAction","target":{"@type":"EntryPoint","urlTemplate":"https:\/\/lavinicola-geneve.ch\/?s={search_term_string}"},"query-input":{"@type":"PropertyValueSpecification","valueRequired":true,"valueName":"search_term_string"}}],"inLanguage":"fr-CH"},{"@type":"Organization","@id":"https:\/\/lavinicola-geneve.ch\/#organization","name":"la vinicola - negozio di alimentari italiano","url":"https:\/\/lavinicola-geneve.ch\/","logo":{"@type":"ImageObject","inLanguage":"fr-CH","@id":"https:\/\/lavinicola-geneve.ch\/#\/schema\/logo\/image\/","url":"https:\/\/lavinicola-geneve.ch\/wp-content\/uploads\/2025\/08\/logo-recu.jpeg","contentUrl":"https:\/\/lavinicola-geneve.ch\/wp-content\/uploads\/2025\/08\/logo-recu.jpeg","width":1024,"height":841,"caption":"la vinicola - \u00e9picerie italienne"},"image":{"@id":"https:\/\/lavinicola-geneve.ch\/#\/schema\/logo\/image\/"},"sameAs":["https:\/\/www.instagram.com\/aamorefood","https:\/\/www.linkedin.com\/in\/armando-amore-42692a33b\/"]}]}},"_links":{"self":[{"href":"https:\/\/lavinicola-geneve.ch\/it\/wp-json\/wp\/v2\/product\/801","targetHints":{"allow":["GET"]}}],"collection":[{"href":"https:\/\/lavinicola-geneve.ch\/it\/wp-json\/wp\/v2\/product"}],"about":[{"href":"https:\/\/lavinicola-geneve.ch\/it\/wp-json\/wp\/v2\/types\/product"}],"wp:featuredmedia":[{"embeddable":true,"href":"https:\/\/lavinicola-geneve.ch\/it\/wp-json\/wp\/v2\/media\/775"}],"wp:attachment":[{"href":"https:\/\/lavinicola-geneve.ch\/it\/wp-json\/wp\/v2\/media?parent=801"}],"wp:term":[{"taxonomy":"product_brand","embeddable":true,"href":"https:\/\/lavinicola-geneve.ch\/it\/wp-json\/wp\/v2\/product_brand?post=801"},{"taxonomy":"product_cat","embeddable":true,"href":"https:\/\/lavinicola-geneve.ch\/it\/wp-json\/wp\/v2\/product_cat?post=801"},{"taxonomy":"product_tag","embeddable":true,"href":"https:\/\/lavinicola-geneve.ch\/it\/wp-json\/wp\/v2\/product_tag?post=801"}],"curies":[{"name":"parola chiave","href":"https:\/\/api.w.org\/{rel}","templated":true}]}}