{"id":499,"date":"2025-08-25T13:20:49","date_gmt":"2025-08-25T13:20:49","guid":{"rendered":"https:\/\/lavinicola-geneve.ch\/?post_type=product&#038;p=499"},"modified":"2025-08-25T13:22:26","modified_gmt":"2025-08-25T13:22:26","slug":"caffe-macinato-vesuvio-250g","status":"publish","type":"product","link":"https:\/\/lavinicola-geneve.ch\/it\/produit\/cafe-vesuvio-moulu-250-gr\/","title":{"rendered":"Caff\u00e8 macinato del Vesuvio 250g"},"content":{"rendered":"<p>Fondata nel cuore della regione italiana della Campania, Vesuvio vanta una lunga tradizione nella produzione di caff\u00e8 che risale a pi\u00f9 di un secolo fa.<\/p>\n<p>La gamma di caff\u00e8 Vesuvio comprende un&#039;ampia scelta di miscele, dalle pi\u00f9 leggere alle pi\u00f9 intense, per soddisfare tutti i gusti e tutte le occasioni.<\/p>\n<p>Tutti i chicchi di caff\u00e8 vengono selezionati a mano da coltivatori esperti.<\/p>","protected":false},"excerpt":{"rendered":"<p>Fond\u00e9e au c\u0153ur de la r\u00e9gion italienne de Campanie, Vesuvio poss\u00e8de une longue tradition de production de caf\u00e9 remontant \u00e0 plus d&rsquo;un si\u00e8cle. La gamme de caf\u00e9s Vesuvio comprend un large choix de m\u00e9langes, des plus l\u00e9gers aux plus intenses, pour satisfaire tous les go\u00fbts et toutes les occasions. Tous les grains de caf\u00e9 sont [&hellip;]<\/p>\n","protected":false},"featured_media":500,"template":"","meta":{"_et_pb_use_builder":"","_et_pb_old_content":"","_et_gb_content_width":""},"product_brand":[],"product_cat":[24],"product_tag":[],"class_list":{"0":"post-499","1":"product","2":"type-product","3":"status-publish","4":"has-post-thumbnail","6":"product_cat-cafe","8":"first","9":"instock","10":"shipping-taxable","11":"purchasable","12":"product-type-simple"},"yoast_head":"<!-- This site is optimized with the Yoast SEO plugin v27.3 - https:\/\/yoast.com\/product\/yoast-seo-wordpress\/ -->\n<title>\u00c9picerie fine italienne Gen\u00e8ve \u2013 La Vinicola<\/title>\n<meta name=\"description\" content=\"La Vinicola, \u00e9picerie fine italienne \u00e0 Gen\u00e8ve. Produits d\u2019Italie authentiques : vins, biscuits, panettone, huile d&#039;olive, miel, caf\u00e9 etc.\" \/>\n<meta name=\"robots\" content=\"index, follow, max-snippet:-1, max-image-preview:large, max-video-preview:-1\" \/>\n<link rel=\"canonical\" href=\"https:\/\/lavinicola-geneve.ch\/it\/prodotto\/caffe-macinato-vesuvio-250g\/\" \/>\n<meta property=\"og:locale\" content=\"fr_FR\" \/>\n<meta property=\"og:type\" content=\"article\" \/>\n<meta property=\"og:title\" content=\"\u00c9picerie fine italienne Gen\u00e8ve \u2013 La Vinicola\" \/>\n<meta property=\"og:description\" content=\"La Vinicola, \u00e9picerie fine italienne \u00e0 Gen\u00e8ve. Produits d\u2019Italie authentiques : vins, biscuits, panettone, huile d&#039;olive, miel, caf\u00e9 etc.\" \/>\n<meta property=\"og:url\" content=\"https:\/\/lavinicola-geneve.ch\/it\/prodotto\/caffe-macinato-vesuvio-250g\/\" \/>\n<meta property=\"og:site_name\" content=\"la vinicola - \u00e9picerie italienne\" \/>\n<meta property=\"article:modified_time\" content=\"2025-08-25T13:22:26+00:00\" \/>\n<meta property=\"og:image\" content=\"https:\/\/lavinicola-geneve.ch\/wp-content\/uploads\/2025\/08\/cafe-moulu250.jpg\" \/>\n\t<meta property=\"og:image:width\" content=\"310\" \/>\n\t<meta property=\"og:image:height\" content=\"390\" \/>\n\t<meta property=\"og:image:type\" content=\"image\/jpeg\" \/>\n<meta name=\"twitter:card\" content=\"summary_large_image\" \/>\n<script type=\"application\/ld+json\" class=\"yoast-schema-graph\">{\"@context\":\"https:\\\/\\\/schema.org\",\"@graph\":[{\"@type\":\"WebPage\",\"@id\":\"https:\\\/\\\/lavinicola-geneve.ch\\\/produit\\\/cafe-vesuvio-moulu-250-gr\\\/\",\"url\":\"https:\\\/\\\/lavinicola-geneve.ch\\\/produit\\\/cafe-vesuvio-moulu-250-gr\\\/\",\"name\":\"\u00c9picerie fine italienne Gen\u00e8ve \u2013 La Vinicola\",\"isPartOf\":{\"@id\":\"https:\\\/\\\/lavinicola-geneve.ch\\\/#website\"},\"primaryImageOfPage\":{\"@id\":\"https:\\\/\\\/lavinicola-geneve.ch\\\/produit\\\/cafe-vesuvio-moulu-250-gr\\\/#primaryimage\"},\"image\":{\"@id\":\"https:\\\/\\\/lavinicola-geneve.ch\\\/produit\\\/cafe-vesuvio-moulu-250-gr\\\/#primaryimage\"},\"thumbnailUrl\":\"https:\\\/\\\/lavinicola-geneve.ch\\\/wp-content\\\/uploads\\\/2025\\\/08\\\/cafe-moulu250.jpg\",\"datePublished\":\"2025-08-25T13:20:49+00:00\",\"dateModified\":\"2025-08-25T13:22:26+00:00\",\"description\":\"La Vinicola, \u00e9picerie fine italienne \u00e0 Gen\u00e8ve. Produits d\u2019Italie authentiques : vins, biscuits, panettone, huile d'olive, miel, caf\u00e9 etc.\",\"breadcrumb\":{\"@id\":\"https:\\\/\\\/lavinicola-geneve.ch\\\/produit\\\/cafe-vesuvio-moulu-250-gr\\\/#breadcrumb\"},\"inLanguage\":\"fr-CH\",\"potentialAction\":[{\"@type\":\"ReadAction\",\"target\":[\"https:\\\/\\\/lavinicola-geneve.ch\\\/produit\\\/cafe-vesuvio-moulu-250-gr\\\/\"]}]},{\"@type\":\"ImageObject\",\"inLanguage\":\"fr-CH\",\"@id\":\"https:\\\/\\\/lavinicola-geneve.ch\\\/produit\\\/cafe-vesuvio-moulu-250-gr\\\/#primaryimage\",\"url\":\"https:\\\/\\\/lavinicola-geneve.ch\\\/wp-content\\\/uploads\\\/2025\\\/08\\\/cafe-moulu250.jpg\",\"contentUrl\":\"https:\\\/\\\/lavinicola-geneve.ch\\\/wp-content\\\/uploads\\\/2025\\\/08\\\/cafe-moulu250.jpg\",\"width\":310,\"height\":390},{\"@type\":\"BreadcrumbList\",\"@id\":\"https:\\\/\\\/lavinicola-geneve.ch\\\/produit\\\/cafe-vesuvio-moulu-250-gr\\\/#breadcrumb\",\"itemListElement\":[{\"@type\":\"ListItem\",\"position\":1,\"name\":\"Accueil\",\"item\":\"https:\\\/\\\/lavinicola-geneve.ch\\\/\"},{\"@type\":\"ListItem\",\"position\":2,\"name\":\"Boutique\",\"item\":\"https:\\\/\\\/lavinicola-geneve.ch\\\/boutique\\\/\"},{\"@type\":\"ListItem\",\"position\":3,\"name\":\"Caf\u00e9 V\u00e9suvio Moulu 250 GR\"}]},{\"@type\":\"WebSite\",\"@id\":\"https:\\\/\\\/lavinicola-geneve.ch\\\/#website\",\"url\":\"https:\\\/\\\/lavinicola-geneve.ch\\\/\",\"name\":\"la vinicola - \u00e9picerie italienne\",\"description\":\"Vinoth\u00e8que et \u00e9picerie fine italienne\",\"publisher\":{\"@id\":\"https:\\\/\\\/lavinicola-geneve.ch\\\/#organization\"},\"potentialAction\":[{\"@type\":\"SearchAction\",\"target\":{\"@type\":\"EntryPoint\",\"urlTemplate\":\"https:\\\/\\\/lavinicola-geneve.ch\\\/?s={search_term_string}\"},\"query-input\":{\"@type\":\"PropertyValueSpecification\",\"valueRequired\":true,\"valueName\":\"search_term_string\"}}],\"inLanguage\":\"fr-CH\"},{\"@type\":\"Organization\",\"@id\":\"https:\\\/\\\/lavinicola-geneve.ch\\\/#organization\",\"name\":\"la vinicola - \u00e9picerie italienne\",\"url\":\"https:\\\/\\\/lavinicola-geneve.ch\\\/\",\"logo\":{\"@type\":\"ImageObject\",\"inLanguage\":\"fr-CH\",\"@id\":\"https:\\\/\\\/lavinicola-geneve.ch\\\/#\\\/schema\\\/logo\\\/image\\\/\",\"url\":\"https:\\\/\\\/lavinicola-geneve.ch\\\/wp-content\\\/uploads\\\/2025\\\/08\\\/logo-recu.jpeg\",\"contentUrl\":\"https:\\\/\\\/lavinicola-geneve.ch\\\/wp-content\\\/uploads\\\/2025\\\/08\\\/logo-recu.jpeg\",\"width\":1024,\"height\":841,\"caption\":\"la vinicola - \u00e9picerie italienne\"},\"image\":{\"@id\":\"https:\\\/\\\/lavinicola-geneve.ch\\\/#\\\/schema\\\/logo\\\/image\\\/\"},\"sameAs\":[\"https:\\\/\\\/www.instagram.com\\\/aamorefood\",\"https:\\\/\\\/www.linkedin.com\\\/in\\\/armando-amore-42692a33b\\\/\"]}]}<\/script>\n<!-- \/ Yoast SEO plugin. -->","yoast_head_json":{"title":"Gastronomia italiana Ginevra \u2013 La Vinicola","description":"La Vinicola, una gastronomia italiana a Ginevra. Prodotti italiani autentici: vini, biscotti, panettone, olio d&#039;oliva, miele, caff\u00e8, ecc.","robots":{"index":"index","follow":"follow","max-snippet":"max-snippet:-1","max-image-preview":"max-image-preview:large","max-video-preview":"max-video-preview:-1"},"canonical":"https:\/\/lavinicola-geneve.ch\/it\/prodotto\/caffe-macinato-vesuvio-250g\/","og_locale":"fr_FR","og_type":"article","og_title":"\u00c9picerie fine italienne Gen\u00e8ve \u2013 La Vinicola","og_description":"La Vinicola, \u00e9picerie fine italienne \u00e0 Gen\u00e8ve. Produits d\u2019Italie authentiques : vins, biscuits, panettone, huile d'olive, miel, caf\u00e9 etc.","og_url":"https:\/\/lavinicola-geneve.ch\/it\/prodotto\/caffe-macinato-vesuvio-250g\/","og_site_name":"la vinicola - \u00e9picerie italienne","article_modified_time":"2025-08-25T13:22:26+00:00","og_image":[{"width":310,"height":390,"url":"https:\/\/lavinicola-geneve.ch\/wp-content\/uploads\/2025\/08\/cafe-moulu250.jpg","type":"image\/jpeg"}],"twitter_card":"summary_large_image","schema":{"@context":"https:\/\/schema.org","@graph":[{"@type":"WebPage","@id":"https:\/\/lavinicola-geneve.ch\/produit\/cafe-vesuvio-moulu-250-gr\/","url":"https:\/\/lavinicola-geneve.ch\/produit\/cafe-vesuvio-moulu-250-gr\/","name":"Gastronomia italiana Ginevra \u2013 La Vinicola","isPartOf":{"@id":"https:\/\/lavinicola-geneve.ch\/#website"},"primaryImageOfPage":{"@id":"https:\/\/lavinicola-geneve.ch\/produit\/cafe-vesuvio-moulu-250-gr\/#primaryimage"},"image":{"@id":"https:\/\/lavinicola-geneve.ch\/produit\/cafe-vesuvio-moulu-250-gr\/#primaryimage"},"thumbnailUrl":"https:\/\/lavinicola-geneve.ch\/wp-content\/uploads\/2025\/08\/cafe-moulu250.jpg","datePublished":"2025-08-25T13:20:49+00:00","dateModified":"2025-08-25T13:22:26+00:00","description":"La Vinicola, una gastronomia italiana a Ginevra. Prodotti italiani autentici: vini, biscotti, panettone, olio d&#039;oliva, miele, caff\u00e8, ecc.","breadcrumb":{"@id":"https:\/\/lavinicola-geneve.ch\/produit\/cafe-vesuvio-moulu-250-gr\/#breadcrumb"},"inLanguage":"fr-CH","potentialAction":[{"@type":"ReadAction","target":["https:\/\/lavinicola-geneve.ch\/produit\/cafe-vesuvio-moulu-250-gr\/"]}]},{"@type":"ImageObject","inLanguage":"fr-CH","@id":"https:\/\/lavinicola-geneve.ch\/produit\/cafe-vesuvio-moulu-250-gr\/#primaryimage","url":"https:\/\/lavinicola-geneve.ch\/wp-content\/uploads\/2025\/08\/cafe-moulu250.jpg","contentUrl":"https:\/\/lavinicola-geneve.ch\/wp-content\/uploads\/2025\/08\/cafe-moulu250.jpg","width":310,"height":390},{"@type":"BreadcrumbList","@id":"https:\/\/lavinicola-geneve.ch\/produit\/cafe-vesuvio-moulu-250-gr\/#breadcrumb","itemListElement":[{"@type":"ListItem","position":1,"name":"Accueil","item":"https:\/\/lavinicola-geneve.ch\/"},{"@type":"ListItem","position":2,"name":"Boutique","item":"https:\/\/lavinicola-geneve.ch\/boutique\/"},{"@type":"ListItem","position":3,"name":"Caf\u00e9 V\u00e9suvio Moulu 250 GR"}]},{"@type":"WebSite","@id":"https:\/\/lavinicola-geneve.ch\/#website","url":"https:\/\/lavinicola-geneve.ch\/","name":"la vinicola - negozio di alimentari italiano","description":"Enoteca e gastronomia italiana","publisher":{"@id":"https:\/\/lavinicola-geneve.ch\/#organization"},"potentialAction":[{"@type":"SearchAction","target":{"@type":"EntryPoint","urlTemplate":"https:\/\/lavinicola-geneve.ch\/?s={search_term_string}"},"query-input":{"@type":"PropertyValueSpecification","valueRequired":true,"valueName":"search_term_string"}}],"inLanguage":"fr-CH"},{"@type":"Organization","@id":"https:\/\/lavinicola-geneve.ch\/#organization","name":"la vinicola - negozio di alimentari italiano","url":"https:\/\/lavinicola-geneve.ch\/","logo":{"@type":"ImageObject","inLanguage":"fr-CH","@id":"https:\/\/lavinicola-geneve.ch\/#\/schema\/logo\/image\/","url":"https:\/\/lavinicola-geneve.ch\/wp-content\/uploads\/2025\/08\/logo-recu.jpeg","contentUrl":"https:\/\/lavinicola-geneve.ch\/wp-content\/uploads\/2025\/08\/logo-recu.jpeg","width":1024,"height":841,"caption":"la vinicola - \u00e9picerie italienne"},"image":{"@id":"https:\/\/lavinicola-geneve.ch\/#\/schema\/logo\/image\/"},"sameAs":["https:\/\/www.instagram.com\/aamorefood","https:\/\/www.linkedin.com\/in\/armando-amore-42692a33b\/"]}]}},"_links":{"self":[{"href":"https:\/\/lavinicola-geneve.ch\/it\/wp-json\/wp\/v2\/product\/499","targetHints":{"allow":["GET"]}}],"collection":[{"href":"https:\/\/lavinicola-geneve.ch\/it\/wp-json\/wp\/v2\/product"}],"about":[{"href":"https:\/\/lavinicola-geneve.ch\/it\/wp-json\/wp\/v2\/types\/product"}],"wp:featuredmedia":[{"embeddable":true,"href":"https:\/\/lavinicola-geneve.ch\/it\/wp-json\/wp\/v2\/media\/500"}],"wp:attachment":[{"href":"https:\/\/lavinicola-geneve.ch\/it\/wp-json\/wp\/v2\/media?parent=499"}],"wp:term":[{"taxonomy":"product_brand","embeddable":true,"href":"https:\/\/lavinicola-geneve.ch\/it\/wp-json\/wp\/v2\/product_brand?post=499"},{"taxonomy":"product_cat","embeddable":true,"href":"https:\/\/lavinicola-geneve.ch\/it\/wp-json\/wp\/v2\/product_cat?post=499"},{"taxonomy":"product_tag","embeddable":true,"href":"https:\/\/lavinicola-geneve.ch\/it\/wp-json\/wp\/v2\/product_tag?post=499"}],"curies":[{"name":"parola chiave","href":"https:\/\/api.w.org\/{rel}","templated":true}]}}