{"id":22,"date":"2025-08-15T05:12:51","date_gmt":"2025-08-15T05:12:51","guid":{"rendered":"http:\/\/lavinicola-geneve.ch\/panier\/"},"modified":"2025-08-22T14:06:29","modified_gmt":"2025-08-22T14:06:29","slug":"cestino","status":"publish","type":"page","link":"https:\/\/lavinicola-geneve.ch\/it\/panier\/","title":{"rendered":"Cestino"},"content":{"rendered":"<div data-block-name=\"woocommerce\/cart\" class=\"wp-block-woocommerce-cart alignwide is-loading\">\n<div data-block-name=\"woocommerce\/filled-cart-block\" class=\"wp-block-woocommerce-filled-cart-block\">\n<div data-block-name=\"woocommerce\/cart-items-block\" class=\"wp-block-woocommerce-cart-items-block\">\n<div data-block-name=\"woocommerce\/cart-line-items-block\" class=\"wp-block-woocommerce-cart-line-items-block\"><\/div>\n\n\n\n<div data-block-name=\"woocommerce\/cart-cross-sells-block\" class=\"wp-block-woocommerce-cart-cross-sells-block\">\n<h2 class=\"wp-block-heading has-large-font-size\">Potrebbe interessarti...<\/h2>\n\n\n\n<div data-block-name=\"woocommerce\/cart-cross-sells-products-block\" class=\"wp-block-woocommerce-cart-cross-sells-products-block\"><\/div>\n<\/div>\n<\/div>\n\n\n\n<div data-block-name=\"woocommerce\/cart-totals-block\" class=\"wp-block-woocommerce-cart-totals-block\">\n<div data-block-name=\"woocommerce\/cart-order-summary-block\" class=\"wp-block-woocommerce-cart-order-summary-block\">\n<div data-block-name=\"woocommerce\/cart-order-summary-heading-block\" class=\"wp-block-woocommerce-cart-order-summary-heading-block\"><\/div><div data-block-name=\"woocommerce\/cart-order-summary-coupon-form-block\" class=\"wp-block-woocommerce-cart-order-summary-coupon-form-block\"><\/div><div data-block-name=\"woocommerce\/cart-order-summary-totals-block\" class=\"wp-block-woocommerce-cart-order-summary-totals-block\">\n<div data-block-name=\"woocommerce\/cart-order-summary-subtotal-block\" class=\"wp-block-woocommerce-cart-order-summary-subtotal-block\"><\/div>\n<div data-block-name=\"woocommerce\/cart-order-summary-discount-block\" class=\"wp-block-woocommerce-cart-order-summary-discount-block\"><\/div>\n<div data-block-name=\"woocommerce\/cart-order-summary-fee-block\" class=\"wp-block-woocommerce-cart-order-summary-fee-block\"><\/div>\n<div data-block-name=\"woocommerce\/cart-order-summary-shipping-block\" class=\"wp-block-woocommerce-cart-order-summary-shipping-block\"><\/div>\n<div data-block-name=\"woocommerce\/cart-order-summary-taxes-block\" class=\"wp-block-woocommerce-cart-order-summary-taxes-block\"><\/div><\/div>\n<\/div>\n\n\n\n<div data-block-name=\"woocommerce\/cart-express-payment-block\" class=\"wp-block-woocommerce-cart-express-payment-block\"><\/div>\n\n\n\n<div data-block-name=\"woocommerce\/proceed-to-checkout-block\" class=\"wp-block-woocommerce-proceed-to-checkout-block\"><\/div>\n\n\n\n<div data-block-name=\"woocommerce\/cart-accepted-payment-methods-block\" class=\"wp-block-woocommerce-cart-accepted-payment-methods-block\"><\/div>\n<\/div>\n<\/div>\n\n\n\n<div data-block-name=\"woocommerce\/empty-cart-block\" class=\"wp-block-woocommerce-empty-cart-block\">\n<h2 class=\"wp-block-heading has-text-align-center with-empty-cart-icon wc-block-cart__empty-cart__title\">Al momento il tuo carrello \u00e8 vuoto!<\/h2>\n\n\n\n<hr class=\"wp-block-separator has-alpha-channel-opacity is-style-dots\"\/>\n\n\n\n<h2 class=\"wp-block-heading has-text-align-center\">Novit\u00e0 nel negozio<\/h2>\n\n\n<div data-block-name=\"woocommerce\/product-new\" data-columns=\"4\" data-rows=\"1\" class=\"wc-block-grid wp-block-product-new wp-block-woocommerce-product-new wc-block-product-new has-4-columns\"><ul class=\"wc-block-grid__products\"><li class=\"wc-block-grid__product\">\n\t\t\t\t<a href=\"https:\/\/lavinicola-geneve.ch\/it\/produit\/colombe-tiramisu-croccante\/\" class=\"wc-block-grid__product-link\">\n\t\t\t\t\t\n\t\t\t\t\t<div class=\"wc-block-grid__product-image\"><img loading=\"lazy\" decoding=\"async\" width=\"300\" height=\"300\" src=\"https:\/\/lavinicola-geneve.ch\/wp-content\/uploads\/2026\/03\/bae3d1b3-cd51-4a64-844e-e84bbfd072a5-300x300.jpg\" class=\"attachment-woocommerce_thumbnail size-woocommerce_thumbnail\" alt=\"Tiramis\u00f9 croccante alla colomba\" \/><\/div>\n\t\t\t\t\t<div class=\"wc-block-grid__product-title\">Tiramis\u00f9 croccante alla colomba<\/div>\n\t\t\t\t<\/a>\n\t\t\t\t<div class=\"wc-block-grid__product-price price\"><span class=\"woocommerce-Price-amount amount\"><span class=\"woocommerce-Price-currencySymbol\">CHF<\/span>&nbsp;30.50<\/span><\/div>\n\t\t\t\t\n\t\t\t\t<div class=\"wp-block-button wc-block-grid__product-add-to-cart\"><a href=\"\/it\/wp-json\/wp\/v2\/pages\/22?add-to-cart=801\" aria-label=\"Aggiungi al carrello: &quot;Colombe Tiramisu Croccante&quot;\" data-quantity=\"1\" data-product_id=\"801\" data-product_sku=\"\" data-price=\"30.5\" rel=\"nofollow\" class=\"wp-block-button__link  add_to_cart_button ajax_add_to_cart\" data-no-translation=\"\" data-trp-gettext=\"\" data-no-translation-aria-label=\"\">Aggiungi al carrello<\/a><\/div>\n\t\t\t<\/li><li class=\"wc-block-grid__product\">\n\t\t\t\t<a href=\"https:\/\/lavinicola-geneve.ch\/it\/produit\/colombe-albicocca\/\" class=\"wc-block-grid__product-link\">\n\t\t\t\t\t\n\t\t\t\t\t<div class=\"wc-block-grid__product-image\"><img loading=\"lazy\" decoding=\"async\" width=\"300\" height=\"300\" src=\"https:\/\/lavinicola-geneve.ch\/wp-content\/uploads\/2026\/03\/5428c41b-f760-4440-a5be-82cf0f71dc08-300x300.jpg\" class=\"attachment-woocommerce_thumbnail size-woocommerce_thumbnail\" alt=\"Colomba di Albicocca\" \/><\/div>\n\t\t\t\t\t<div class=\"wc-block-grid__product-title\">Colomba di Albicocca<\/div>\n\t\t\t\t<\/a>\n\t\t\t\t<div class=\"wc-block-grid__product-price price\"><span class=\"woocommerce-Price-amount amount\"><span class=\"woocommerce-Price-currencySymbol\">CHF<\/span>&nbsp;30.50<\/span><\/div>\n\t\t\t\t\n\t\t\t\t<div class=\"wp-block-button wc-block-grid__product-add-to-cart\"><a href=\"\/it\/wp-json\/wp\/v2\/pages\/22?add-to-cart=800\" aria-label=\"Aggiungi al carrello: &quot;Colombe Albicocca&quot;\" data-quantity=\"1\" data-product_id=\"800\" data-product_sku=\"\" data-price=\"30.5\" rel=\"nofollow\" class=\"wp-block-button__link  add_to_cart_button ajax_add_to_cart\" data-no-translation=\"\" data-trp-gettext=\"\" data-no-translation-aria-label=\"\">Aggiungi al carrello<\/a><\/div>\n\t\t\t<\/li><li class=\"wc-block-grid__product\">\n\t\t\t\t<a href=\"https:\/\/lavinicola-geneve.ch\/it\/produit\/colombe-mela-anurca\/\" class=\"wc-block-grid__product-link\">\n\t\t\t\t\t\n\t\t\t\t\t<div class=\"wc-block-grid__product-image\"><img loading=\"lazy\" decoding=\"async\" width=\"300\" height=\"300\" src=\"https:\/\/lavinicola-geneve.ch\/wp-content\/uploads\/2026\/03\/bcbafdfb-0edd-4299-9506-ca7ef20ebe74-300x300.jpg\" class=\"attachment-woocommerce_thumbnail size-woocommerce_thumbnail\" alt=\"Colombe Mela Anurca\" \/><\/div>\n\t\t\t\t\t<div class=\"wc-block-grid__product-title\">Colombe Mela Anurca<\/div>\n\t\t\t\t<\/a>\n\t\t\t\t<div class=\"wc-block-grid__product-price price\"><span class=\"woocommerce-Price-amount amount\"><span class=\"woocommerce-Price-currencySymbol\">CHF<\/span>&nbsp;29.50<\/span><\/div>\n\t\t\t\t\n\t\t\t\t<div class=\"wp-block-button wc-block-grid__product-add-to-cart\"><a href=\"\/it\/wp-json\/wp\/v2\/pages\/22?add-to-cart=799\" aria-label=\"Aggiungi al carrello: &quot;Colombe Mela Anurca&quot;\" data-quantity=\"1\" data-product_id=\"799\" data-product_sku=\"\" data-price=\"29.5\" rel=\"nofollow\" class=\"wp-block-button__link  add_to_cart_button ajax_add_to_cart\" data-no-translation=\"\" data-trp-gettext=\"\" data-no-translation-aria-label=\"\">Aggiungi al carrello<\/a><\/div>\n\t\t\t<\/li><li class=\"wc-block-grid__product\">\n\t\t\t\t<a href=\"https:\/\/lavinicola-geneve.ch\/it\/produit\/colombe-pistacchio\/\" class=\"wc-block-grid__product-link\">\n\t\t\t\t\t\n\t\t\t\t\t<div class=\"wc-block-grid__product-image\"><img loading=\"lazy\" decoding=\"async\" width=\"300\" height=\"300\" src=\"https:\/\/lavinicola-geneve.ch\/wp-content\/uploads\/2026\/03\/1f19694d-0003-4771-99c6-78b5bc581701-300x300.jpg\" class=\"attachment-woocommerce_thumbnail size-woocommerce_thumbnail\" alt=\"Colomba al pistacchio\" \/><\/div>\n\t\t\t\t\t<div class=\"wc-block-grid__product-title\">Colomba al pistacchio<\/div>\n\t\t\t\t<\/a>\n\t\t\t\t<div class=\"wc-block-grid__product-price price\"><span class=\"woocommerce-Price-amount amount\"><span class=\"woocommerce-Price-currencySymbol\">CHF<\/span>&nbsp;30.50<\/span><\/div>\n\t\t\t\t\n\t\t\t\t<div class=\"wp-block-button wc-block-grid__product-add-to-cart\"><a href=\"\/it\/wp-json\/wp\/v2\/pages\/22?add-to-cart=798\" aria-label=\"Aggiungi al carrello: &quot;Colombe Pistacchio&quot;\" data-quantity=\"1\" data-product_id=\"798\" data-product_sku=\"\" data-price=\"30.5\" rel=\"nofollow\" class=\"wp-block-button__link  add_to_cart_button ajax_add_to_cart\" data-no-translation=\"\" data-trp-gettext=\"\" data-no-translation-aria-label=\"\">Aggiungi al carrello<\/a><\/div>\n\t\t\t<\/li><\/ul><\/div><\/div>\n<\/div>","protected":false},"excerpt":{"rendered":"","protected":false},"author":1,"featured_media":0,"parent":0,"menu_order":0,"comment_status":"closed","ping_status":"closed","template":"","meta":{"_et_pb_use_builder":"","_et_pb_old_content":"","_et_gb_content_width":"1080","footnotes":""},"class_list":["post-22","page","type-page","status-publish","hentry"],"yoast_head":"<!-- This site is optimized with the Yoast SEO plugin v27.3 - https:\/\/yoast.com\/product\/yoast-seo-wordpress\/ -->\n<title>\u00c9picerie fine italienne Gen\u00e8ve \u2013 La Vinicola<\/title>\n<meta name=\"description\" content=\"La Vinicola, \u00e9picerie fine italienne \u00e0 Gen\u00e8ve. Produits d\u2019Italie authentiques : vins, biscuits, panettone, huile d&#039;olive, miel, caf\u00e9 etc.\" \/>\n<meta name=\"robots\" content=\"index, follow, max-snippet:-1, max-image-preview:large, max-video-preview:-1\" \/>\n<link rel=\"canonical\" href=\"https:\/\/lavinicola-geneve.ch\/it\/cestino\/\" \/>\n<meta property=\"og:locale\" content=\"fr_FR\" \/>\n<meta property=\"og:type\" content=\"article\" \/>\n<meta property=\"og:title\" content=\"\u00c9picerie fine italienne Gen\u00e8ve \u2013 La Vinicola\" \/>\n<meta property=\"og:description\" content=\"La Vinicola, \u00e9picerie fine italienne \u00e0 Gen\u00e8ve. Produits d\u2019Italie authentiques : vins, biscuits, panettone, huile d&#039;olive, miel, caf\u00e9 etc.\" \/>\n<meta property=\"og:url\" content=\"https:\/\/lavinicola-geneve.ch\/it\/cestino\/\" \/>\n<meta property=\"og:site_name\" content=\"la vinicola - \u00e9picerie italienne\" \/>\n<meta property=\"article:modified_time\" content=\"2025-08-22T14:06:29+00:00\" \/>\n<meta name=\"twitter:card\" content=\"summary_large_image\" \/>\n<script type=\"application\/ld+json\" class=\"yoast-schema-graph\">{\"@context\":\"https:\\\/\\\/schema.org\",\"@graph\":[{\"@type\":\"WebPage\",\"@id\":\"https:\\\/\\\/lavinicola-geneve.ch\\\/panier\\\/\",\"url\":\"https:\\\/\\\/lavinicola-geneve.ch\\\/panier\\\/\",\"name\":\"\u00c9picerie fine italienne Gen\u00e8ve \u2013 La Vinicola\",\"isPartOf\":{\"@id\":\"https:\\\/\\\/lavinicola-geneve.ch\\\/#website\"},\"datePublished\":\"2025-08-15T05:12:51+00:00\",\"dateModified\":\"2025-08-22T14:06:29+00:00\",\"description\":\"La Vinicola, \u00e9picerie fine italienne \u00e0 Gen\u00e8ve. Produits d\u2019Italie authentiques : vins, biscuits, panettone, huile d'olive, miel, caf\u00e9 etc.\",\"breadcrumb\":{\"@id\":\"https:\\\/\\\/lavinicola-geneve.ch\\\/panier\\\/#breadcrumb\"},\"inLanguage\":\"fr-CH\",\"potentialAction\":[{\"@type\":\"ReadAction\",\"target\":[\"https:\\\/\\\/lavinicola-geneve.ch\\\/panier\\\/\"]}]},{\"@type\":\"BreadcrumbList\",\"@id\":\"https:\\\/\\\/lavinicola-geneve.ch\\\/panier\\\/#breadcrumb\",\"itemListElement\":[{\"@type\":\"ListItem\",\"position\":1,\"name\":\"Accueil\",\"item\":\"https:\\\/\\\/lavinicola-geneve.ch\\\/\"},{\"@type\":\"ListItem\",\"position\":2,\"name\":\"Panier\"}]},{\"@type\":\"WebSite\",\"@id\":\"https:\\\/\\\/lavinicola-geneve.ch\\\/#website\",\"url\":\"https:\\\/\\\/lavinicola-geneve.ch\\\/\",\"name\":\"la vinicola - \u00e9picerie italienne\",\"description\":\"Vinoth\u00e8que et \u00e9picerie fine italienne\",\"publisher\":{\"@id\":\"https:\\\/\\\/lavinicola-geneve.ch\\\/#organization\"},\"potentialAction\":[{\"@type\":\"SearchAction\",\"target\":{\"@type\":\"EntryPoint\",\"urlTemplate\":\"https:\\\/\\\/lavinicola-geneve.ch\\\/?s={search_term_string}\"},\"query-input\":{\"@type\":\"PropertyValueSpecification\",\"valueRequired\":true,\"valueName\":\"search_term_string\"}}],\"inLanguage\":\"fr-CH\"},{\"@type\":\"Organization\",\"@id\":\"https:\\\/\\\/lavinicola-geneve.ch\\\/#organization\",\"name\":\"la vinicola - \u00e9picerie italienne\",\"url\":\"https:\\\/\\\/lavinicola-geneve.ch\\\/\",\"logo\":{\"@type\":\"ImageObject\",\"inLanguage\":\"fr-CH\",\"@id\":\"https:\\\/\\\/lavinicola-geneve.ch\\\/#\\\/schema\\\/logo\\\/image\\\/\",\"url\":\"https:\\\/\\\/lavinicola-geneve.ch\\\/wp-content\\\/uploads\\\/2025\\\/08\\\/logo-recu.jpeg\",\"contentUrl\":\"https:\\\/\\\/lavinicola-geneve.ch\\\/wp-content\\\/uploads\\\/2025\\\/08\\\/logo-recu.jpeg\",\"width\":1024,\"height\":841,\"caption\":\"la vinicola - \u00e9picerie italienne\"},\"image\":{\"@id\":\"https:\\\/\\\/lavinicola-geneve.ch\\\/#\\\/schema\\\/logo\\\/image\\\/\"},\"sameAs\":[\"https:\\\/\\\/www.instagram.com\\\/aamorefood\",\"https:\\\/\\\/www.linkedin.com\\\/in\\\/armando-amore-42692a33b\\\/\"]}]}<\/script>\n<!-- \/ Yoast SEO plugin. -->","yoast_head_json":{"title":"Gastronomia italiana Ginevra \u2013 La Vinicola","description":"La Vinicola, una gastronomia italiana a Ginevra. Prodotti italiani autentici: vini, biscotti, panettone, olio d&#039;oliva, miele, caff\u00e8, ecc.","robots":{"index":"index","follow":"follow","max-snippet":"max-snippet:-1","max-image-preview":"max-image-preview:large","max-video-preview":"max-video-preview:-1"},"canonical":"https:\/\/lavinicola-geneve.ch\/it\/cestino\/","og_locale":"fr_FR","og_type":"article","og_title":"\u00c9picerie fine italienne Gen\u00e8ve \u2013 La Vinicola","og_description":"La Vinicola, \u00e9picerie fine italienne \u00e0 Gen\u00e8ve. Produits d\u2019Italie authentiques : vins, biscuits, panettone, huile d'olive, miel, caf\u00e9 etc.","og_url":"https:\/\/lavinicola-geneve.ch\/it\/cestino\/","og_site_name":"la vinicola - \u00e9picerie italienne","article_modified_time":"2025-08-22T14:06:29+00:00","twitter_card":"summary_large_image","schema":{"@context":"https:\/\/schema.org","@graph":[{"@type":"WebPage","@id":"https:\/\/lavinicola-geneve.ch\/panier\/","url":"https:\/\/lavinicola-geneve.ch\/panier\/","name":"Gastronomia italiana Ginevra \u2013 La Vinicola","isPartOf":{"@id":"https:\/\/lavinicola-geneve.ch\/#website"},"datePublished":"2025-08-15T05:12:51+00:00","dateModified":"2025-08-22T14:06:29+00:00","description":"La Vinicola, una gastronomia italiana a Ginevra. Prodotti italiani autentici: vini, biscotti, panettone, olio d&#039;oliva, miele, caff\u00e8, ecc.","breadcrumb":{"@id":"https:\/\/lavinicola-geneve.ch\/panier\/#breadcrumb"},"inLanguage":"fr-CH","potentialAction":[{"@type":"ReadAction","target":["https:\/\/lavinicola-geneve.ch\/panier\/"]}]},{"@type":"BreadcrumbList","@id":"https:\/\/lavinicola-geneve.ch\/panier\/#breadcrumb","itemListElement":[{"@type":"ListItem","position":1,"name":"Accueil","item":"https:\/\/lavinicola-geneve.ch\/"},{"@type":"ListItem","position":2,"name":"Panier"}]},{"@type":"WebSite","@id":"https:\/\/lavinicola-geneve.ch\/#website","url":"https:\/\/lavinicola-geneve.ch\/","name":"la vinicola - negozio di alimentari italiano","description":"Enoteca e gastronomia italiana","publisher":{"@id":"https:\/\/lavinicola-geneve.ch\/#organization"},"potentialAction":[{"@type":"SearchAction","target":{"@type":"EntryPoint","urlTemplate":"https:\/\/lavinicola-geneve.ch\/?s={search_term_string}"},"query-input":{"@type":"PropertyValueSpecification","valueRequired":true,"valueName":"search_term_string"}}],"inLanguage":"fr-CH"},{"@type":"Organization","@id":"https:\/\/lavinicola-geneve.ch\/#organization","name":"la vinicola - negozio di alimentari italiano","url":"https:\/\/lavinicola-geneve.ch\/","logo":{"@type":"ImageObject","inLanguage":"fr-CH","@id":"https:\/\/lavinicola-geneve.ch\/#\/schema\/logo\/image\/","url":"https:\/\/lavinicola-geneve.ch\/wp-content\/uploads\/2025\/08\/logo-recu.jpeg","contentUrl":"https:\/\/lavinicola-geneve.ch\/wp-content\/uploads\/2025\/08\/logo-recu.jpeg","width":1024,"height":841,"caption":"la vinicola - \u00e9picerie italienne"},"image":{"@id":"https:\/\/lavinicola-geneve.ch\/#\/schema\/logo\/image\/"},"sameAs":["https:\/\/www.instagram.com\/aamorefood","https:\/\/www.linkedin.com\/in\/armando-amore-42692a33b\/"]}]}},"_links":{"self":[{"href":"https:\/\/lavinicola-geneve.ch\/it\/wp-json\/wp\/v2\/pages\/22","targetHints":{"allow":["GET"]}}],"collection":[{"href":"https:\/\/lavinicola-geneve.ch\/it\/wp-json\/wp\/v2\/pages"}],"about":[{"href":"https:\/\/lavinicola-geneve.ch\/it\/wp-json\/wp\/v2\/types\/page"}],"author":[{"embeddable":true,"href":"https:\/\/lavinicola-geneve.ch\/it\/wp-json\/wp\/v2\/users\/1"}],"replies":[{"embeddable":true,"href":"https:\/\/lavinicola-geneve.ch\/it\/wp-json\/wp\/v2\/comments?post=22"}],"version-history":[{"count":1,"href":"https:\/\/lavinicola-geneve.ch\/it\/wp-json\/wp\/v2\/pages\/22\/revisions"}],"predecessor-version":[{"id":82,"href":"https:\/\/lavinicola-geneve.ch\/it\/wp-json\/wp\/v2\/pages\/22\/revisions\/82"}],"wp:attachment":[{"href":"https:\/\/lavinicola-geneve.ch\/it\/wp-json\/wp\/v2\/media?parent=22"}],"curies":[{"name":"parola chiave","href":"https:\/\/api.w.org\/{rel}","templated":true}]}}