{"id":3,"date":"2025-08-14T12:55:51","date_gmt":"2025-08-14T12:55:51","guid":{"rendered":"http:\/\/0i9ujlbtykk.preview.infomaniak.website\/?page_id=3"},"modified":"2025-08-23T13:08:10","modified_gmt":"2025-08-23T13:08:10","slug":"confidentiality","status":"publish","type":"page","link":"https:\/\/lavinicola-geneve.ch\/en\/confidentialite\/","title":{"rendered":"confidentiality"},"content":{"rendered":"<p>[et_pb_section fb_built=\u00a0\u00bb1&Prime; _builder_version=\u00a0\u00bb4.27.4&Prime; _module_preset=\u00a0\u00bbdefault\u00a0\u00bb background_color=\u00a0\u00bb#E9E9E2&Prime; custom_margin=\u00a0\u00bb0px||||false|false\u00a0\u00bb custom_padding=\u00a0\u00bb0px||0px||false|false\u00a0\u00bb hover_enabled=\u00a0\u00bb0&Prime; locked=\u00a0\u00bboff\u00a0\u00bb global_colors_info=\u00a0\u00bb{}\u00a0\u00bb theme_builder_area=\u00a0\u00bbpost_content\u00a0\u00bb custom_padding_last_edited=\u00a0\u00bbon|phone\u00a0\u00bb sticky_enabled=\u00a0\u00bb0&Prime; custom_padding_phone=\u00a0\u00bb30px||10px||false|false\u00a0\u00bb custom_padding_tablet=\u00a0\u00bb0px||0px||false|false\u00a0\u00bb][et_pb_row _builder_version=\u00a0\u00bb4.27.4&Prime; _module_preset=\u00a0\u00bbdefault\u00a0\u00bb width=\u00a0\u00bb100%\u00a0\u00bb max_width=\u00a0\u00bb2560px\u00a0\u00bb custom_margin=\u00a0\u00bb-20px||0px||false|false\u00a0\u00bb custom_padding=\u00a0\u00bb0px||0px||false|false\u00a0\u00bb global_colors_info=\u00a0\u00bb{}\u00a0\u00bb theme_builder_area=\u00a0\u00bbpost_content\u00a0\u00bb][et_pb_column type=\u00a0\u00bb4_4&Prime; _builder_version=\u00a0\u00bb4.27.4&Prime; _module_preset=\u00a0\u00bbdefault\u00a0\u00bb global_colors_info=\u00a0\u00bb{}\u00a0\u00bb theme_builder_area=\u00a0\u00bbpost_content\u00a0\u00bb][dnxte_text_mask thumbnail_image_mask=\u00a0\u00bbhttps:\/\/lavinicola-geneve.ch\/wp-content\/uploads\/2025\/08\/ekkpkzdvq4.jpg\u00a0\u00bb background_image_size=\u00a0\u00bbcontain\u00a0\u00bb background_image_repeat=\u00a0\u00bbrepeat-x\u00a0\u00bb text_mask=\u00a0\u00bbconfidentialit\u00e9\u00a0\u00bb heading_tag=\u00a0\u00bbh1&Prime; _builder_version=\u00a0\u00bb4.27.4&Prime; _module_preset=\u00a0\u00bbdefault\u00a0\u00bb text_mask_font=\u00a0\u00bbArsenal|700||on|||||\u00a0\u00bb text_mask_text_align=\u00a0\u00bbcenter\u00a0\u00bb text_mask_font_size=\u00a0\u00bb150px\u00a0\u00bb custom_margin=\u00a0\u00bb0px||0px||true|false\u00a0\u00bb custom_padding=\u00a0\u00bb0px||0px||true|false\u00a0\u00bb hover_enabled=\u00a0\u00bb0&Prime; global_colors_info=\u00a0\u00bb{}\u00a0\u00bb theme_builder_area=\u00a0\u00bbpost_content\u00a0\u00bb text_mask_font_size_last_edited=\u00a0\u00bbon|phone\u00a0\u00bb sticky_enabled=\u00a0\u00bb0&Prime; text_mask_font_size_tablet=\u00a0\u00bb100px\u00a0\u00bb text_mask_font_size_phone=\u00a0\u00bb50px\u00a0\u00bb][\/dnxte_text_mask][\/et_pb_column][\/et_pb_row][\/et_pb_section][et_pb_section fb_built=\u00a0\u00bb1&Prime; admin_label=\u00a0\u00bbHeader\u00a0\u00bb _builder_version=\u00a0\u00bb4.27.4&Prime; _module_preset=\u00a0\u00bbdefault\u00a0\u00bb background_color=\u00a0\u00bb#FAF5EF\u00a0\u00bb overflow-x=\u00a0\u00bbhidden\u00a0\u00bb overflow-y=\u00a0\u00bbhidden\u00a0\u00bb custom_margin=\u00a0\u00bb0px||||false|false\u00a0\u00bb custom_padding=\u00a0\u00bb0px||0px||true|false\u00a0\u00bb locked=\u00a0\u00bboff\u00a0\u00bb collapsed=\u00a0\u00bboff\u00a0\u00bb global_colors_info=\u00a0\u00bb{}\u00a0\u00bb theme_builder_area=\u00a0\u00bbpost_content\u00a0\u00bb][et_pb_row _builder_version=\u00a0\u00bb4.27.4&Prime; _module_preset=\u00a0\u00bbdefault\u00a0\u00bb max_width=\u00a0\u00bb2560px\u00a0\u00bb custom_margin=\u00a0\u00bb||||false|false\u00a0\u00bb custom_padding=\u00a0\u00bb0px||||false|false\u00a0\u00bb module_alignment_tablet=\u00a0\u00bb\u00a0\u00bb module_alignment_phone=\u00a0\u00bbcenter\u00a0\u00bb module_alignment_last_edited=\u00a0\u00bbon|phone\u00a0\u00bb global_colors_info=\u00a0\u00bb{}\u00a0\u00bb theme_builder_area=\u00a0\u00bbpost_content\u00a0\u00bb][et_pb_column type=\u00a0\u00bb4_4&Prime; _builder_version=\u00a0\u00bb4.27.4&Prime; _module_preset=\u00a0\u00bbdefault\u00a0\u00bb custom_padding=\u00a0\u00bb2%||0%||false|false\u00a0\u00bb global_colors_info=\u00a0\u00bb{}\u00a0\u00bb theme_builder_area=\u00a0\u00bbpost_content\u00a0\u00bb][et_pb_text _builder_version=\u00a0\u00bb4.27.4&Prime; _module_preset=\u00a0\u00bbc16985e1-e0d6-4022-964d-e2bfc04fa633&Prime; link_font=\u00a0\u00bb|800|||||||\u00a0\u00bb link_text_color=\u00a0\u00bb#0f6e32&Prime; header_font=\u00a0\u00bbManrope|700||on|||||\u00a0\u00bb header_text_color=\u00a0\u00bb#000000&Prime; header_font_size=\u00a0\u00bb65px\u00a0\u00bb header_letter_spacing=\u00a0\u00bb0.05em\u00a0\u00bb header_line_height=\u00a0\u00bb1.2em\u00a0\u00bb custom_margin_tablet=\u00a0\u00bb||0px||false|false\u00a0\u00bb custom_margin_phone=\u00a0\u00bb||10px||false|false\u00a0\u00bb custom_margin_last_edited=\u00a0\u00bbon|phone\u00a0\u00bb hover_enabled=\u00a0\u00bb0&Prime; header_font_size_tablet=\u00a0\u00bb40px\u00a0\u00bb header_font_size_phone=\u00a0\u00bb24px\u00a0\u00bb header_font_size_last_edited=\u00a0\u00bbon|phone\u00a0\u00bb global_colors_info=\u00a0\u00bb{}\u00a0\u00bb theme_builder_area=\u00a0\u00bbpost_content\u00a0\u00bb sticky_enabled=\u00a0\u00bb0&Prime;]<\/p>\n<p><strong>PROPRI\u00c9T\u00c9 DU SITE<\/strong><br \/>Le propri\u00e9taire de ce site est la soci\u00e9t\u00e9 Amore &amp; Fils, \u00e0 Vernier, CHE-xxx.xxx.xxx, ci apr\u00e8s d\u00e9sign\u00e9 comme\u00a0 \u00ab\u00a0le responsable\u00a0\u00bb<\/p>\n<p><strong>PR\u00c9AMBULE<\/strong><br \/>La protection de votre vie priv\u00e9e et de vos donn\u00e9es personnelles est une priorit\u00e9 pour le responsable. Cette politique de confidentialit\u00e9 explique les types de donn\u00e9es que nous collectons, la mani\u00e8re dont nous les utilisons et les mesures mises en place pour assurer leur s\u00e9curit\u00e9, en conformit\u00e9 avec la Loi F\u00e9d\u00e9rale sur la Protection des Donn\u00e9es (nLPD) en Suisse et le R\u00e8glement G\u00e9n\u00e9ral sur la Protection des Donn\u00e9es (RGPD) de l\u2019Union Europ\u00e9enne.<\/p>\n<p><strong>RESPONSABLE DU TRAITEMENT DES DONN\u00c9ES<\/strong><br \/>Le responsable du traitement des donn\u00e9es est le propri\u00e9taire de ce site, d\u00e9sign\u00e9 plus haut. Pour toute question relative \u00e0 la protection de vos donn\u00e9es, vous pouvez le contacter via ce site.<\/p>\n<p><strong>UTILISATION DE L\u2019INTELLIGENCE ARTIFICIELLE<\/strong><br \/>Certaines fonctionnalit\u00e9s propos\u00e9es sur le site le responsable peuvent faire appel \u00e0 des outils d\u2019intelligence artificielle (IA) pour am\u00e9liorer la qualit\u00e9 des services, par exemple dans l\u2019analyse des comportements de navigation, la g\u00e9n\u00e9ration de contenu ou l\u2019assistance \u00e0 la r\u00e9daction.<br \/>Ces traitements sont effectu\u00e9s sans d\u00e9cision automatis\u00e9e ayant un effet juridique ou significatif sur l\u2019utilisateur. Aucun profilage automatis\u00e9 n\u2019est utilis\u00e9 \u00e0 des fins de discrimination ou de limitation des droits individuels.<br \/>Si de tels traitements devaient \u00eatre mis en place \u00e0 l\u2019avenir, nous nous engageons \u00e0 vous en informer clairement et \u00e0 recueillir votre consentement explicite, conform\u00e9ment aux exigences de la nLPD et du RGPD.<\/p>\n<p><strong>DONN\u00c9ES COLLECT\u00c9ES<\/strong><br \/>Nous collectons des informations personnelles telles que votre nom, pr\u00e9nom, adresse eMail, num\u00e9ro de t\u00e9l\u00e9phone et informations de paiement. Nous enregistrons \u00e9galement des donn\u00e9es techniques, comme votre adresse IP, le type de navigateur que vous utilisez, votre syst\u00e8me d\u2019exploitation et les pages que vous consultez. Des cookies et autres technologies similaires sont utilis\u00e9s pour am\u00e9liorer votre exp\u00e9rience utilisateur et analyser le trafic sur notre site.<\/p>\n<p><strong>FINALIT\u00c9 DU TRAITEMENT DES DONN\u00c9ES<\/strong><br \/>Les donn\u00e9es sont collect\u00e9es afin de g\u00e9rer et optimiser notre site internet, communiquer avec les utilisateurs et clients, fournir nos services et assurer le support client. Nous nous conformons aux obligations l\u00e9gales et r\u00e9glementaires en mati\u00e8re de protection des donn\u00e9es.<\/p>\n<p><strong>BASE L\u00c9GALE DU TRAITEMENT<\/strong><br \/>Le traitement des donn\u00e9es repose sur plusieurs bases l\u00e9gales, notamment votre consentement, l\u2019ex\u00e9cution d\u2019un contrat, le respect des obligations l\u00e9gales et la poursuite d\u2019int\u00e9r\u00eats l\u00e9gitimes, comme l\u2019am\u00e9lioration de nos services.<\/p>\n<p><strong>PARTAGE ET TRANSFERT DES DONN\u00c9ES<\/strong><br \/>Vos donn\u00e9es personnelles ne sont pas partag\u00e9es avec des tiers, sauf dans certains cas pr\u00e9cis. Nous pouvons travailler avec des prestataires de services, tels que des h\u00e9bergeurs web, des outils de marketing et des prestataires de paiement. Vos donn\u00e9es peuvent \u00e9galement \u00eatre transmises si une obligation l\u00e9gale l\u2019impose ou si cela est n\u00e9cessaire pour prot\u00e9ger nos droits. Nous nous assurons que tous nos partenaires respectent les normes en vigueur en mati\u00e8re de protection des donn\u00e9es.<\/p>\n<p><strong>CONSERVATION DES DONN\u00c9ES<\/strong><br \/>Les donn\u00e9es personnelles sont conserv\u00e9es aussi longtemps que n\u00e9cessaire pour atteindre les finalit\u00e9s pour lesquelles elles ont \u00e9t\u00e9 collect\u00e9es, en tenant compte des obligations l\u00e9gales et contractuelles en mati\u00e8re de conservation des donn\u00e9es.<\/p>\n<p><strong>DROITS DES UTILISATEURS<\/strong><br \/>Conform\u00e9ment \u00e0 la nLPD et au RGPD, vous avez le droit d\u2019acc\u00e9der \u00e0 vos donn\u00e9es personnelles, de demander leur rectification ou leur suppression, de limiter leur traitement et de les recevoir dans un format structur\u00e9 et couramment utilis\u00e9. Vous pouvez \u00e9galement vous opposer au traitement de vos donn\u00e9es \u00e0 des fins de marketing direct. Pour exercer ces droits, il suffit de nous contacter ici.<\/p>\n<p><strong>S\u00c9CURIT\u00c9 DES DONN\u00c9ES<\/strong><br \/>Nous mettons en place des mesures techniques et organisationnelles pour prot\u00e9ger vos donn\u00e9es contre toute perte, utilisation abusive, acc\u00e8s non autoris\u00e9 ou modification. Les informations sensibles, telles que les mots de passe, sont stock\u00e9es sous forme chiffr\u00e9e.<\/p>\n<p><strong>UTILISATION DES COOKIES<\/strong><br \/>Notre site utilise des cookies pour assurer son bon fonctionnement et am\u00e9liorer votre exp\u00e9rience. Vous pouvez configurer votre navigateur pour refuser ou supprimer les cookies \u00e0 tout moment.<\/p>\n<p><strong>MODIFICATIONS DE LA POLITIQUE DE CONFIDENTIALIT\u00c9<\/strong><br \/>Nous nous r\u00e9servons le droit de modifier cette politique de confidentialit\u00e9 \u00e0 tout moment. La version mise \u00e0 jour sera publi\u00e9e sur notre site et son utilisation apr\u00e8s sept jours vaudra acceptation des nouvelles conditions.<\/p>\n<p><strong>DERNI\u00c8RE R\u00c9VISION<\/strong><br \/>1 juillet 2025<\/p>\n<p>[\/et_pb_text][\/et_pb_column][\/et_pb_row][\/et_pb_section]<\/p>\n","protected":false},"excerpt":{"rendered":"<p><div class=\"et_pb_module dnxte_text_mask dnxte_text_mask_0\">\n\t\t\t\t\n\t\t\t\t\n\t\t\t\t\n\t\t\t\t\n\t\t\t\t\n\t\t\t\t\n\t\t\t\t<div class=\"et_pb_module_inner\">\n\t\t\t\t\t<h1 class=\"dn-dtm-text-masking text_bg dnxt-hover-\">\n\t\t\t\tconfidentialit\u00e9\n\t\t\t<\/h1>\n\t\t\t\t<\/div>\n\t\t\t<\/div>PROPRI\u00c9T\u00c9 DU SITELe propri\u00e9taire de ce site est la soci\u00e9t\u00e9 Amore &amp; Fils, \u00e0 Vernier, CHE-xxx.xxx.xxx, ci apr\u00e8s d\u00e9sign\u00e9 comme\u00a0 \u00ab\u00a0le responsable\u00a0\u00bb PR\u00c9AMBULELa protection de votre vie priv\u00e9e et de vos donn\u00e9es personnelles est une priorit\u00e9 [&hellip;]<\/p>\n","protected":false},"author":4,"featured_media":0,"parent":0,"menu_order":99,"comment_status":"closed","ping_status":"closed","template":"","meta":{"_et_pb_use_builder":"on","_et_pb_old_content":"<!-- wp:heading -->\n<h2 class=\"wp-block-heading\">Who we are<\/h2>\n<!-- \/wp:heading -->\n<!-- wp:paragraph -->\n<p><strong class=\"privacy-policy-tutorial\">Suggested text: <\/strong>Our website address is: http:\/\/0i9ujlbtykk.preview.infomaniak.website.<\/p>\n<!-- \/wp:paragraph -->\n<!-- wp:heading -->\n<h2 class=\"wp-block-heading\">Comments<\/h2>\n<!-- \/wp:heading -->\n<!-- wp:paragraph -->\n<p><strong class=\"privacy-policy-tutorial\">Suggested text: <\/strong>When visitors leave comments on the site we collect the data shown in the comments form, and also the visitor&#8217;s IP address and browser user agent string to help spam detection.<\/p>\n<!-- \/wp:paragraph -->\n<!-- wp:paragraph -->\n<p>An anonymized string created from your email address (also called a hash) may be provided to the Gravatar service to see if you are using it. The Gravatar service privacy policy is available here: https:\/\/automattic.com\/privacy\/. After approval of your comment, your profile picture is visible to the public in the context of your comment.<\/p>\n<!-- \/wp:paragraph -->\n<!-- wp:heading -->\n<h2 class=\"wp-block-heading\">Media<\/h2>\n<!-- \/wp:heading -->\n<!-- wp:paragraph -->\n<p><strong class=\"privacy-policy-tutorial\">Suggested text: <\/strong>If you upload images to the website, you should avoid uploading images with embedded location data (EXIF GPS) included. Visitors to the website can download and extract any location data from images on the website.<\/p>\n<!-- \/wp:paragraph -->\n<!-- wp:heading -->\n<h2 class=\"wp-block-heading\">Cookies<\/h2>\n<!-- \/wp:heading -->\n<!-- wp:paragraph -->\n<p><strong class=\"privacy-policy-tutorial\">Suggested text: <\/strong>If you leave a comment on our site you may opt-in to saving your name, email address and website in cookies. These are for your convenience so that you do not have to fill in your details again when you leave another comment. These cookies will last for one year.<\/p>\n<!-- \/wp:paragraph -->\n<!-- wp:paragraph -->\n<p>If you visit our login page, we will set a temporary cookie to determine if your browser accepts cookies. This cookie contains no personal data and is discarded when you close your browser.<\/p>\n<!-- \/wp:paragraph -->\n<!-- wp:paragraph -->\n<p>When you log in, we will also set up several cookies to save your login information and your screen display choices. Login cookies last for two days, and screen options cookies last for a year. If you select &quot;Remember Me&quot;, your login will persist for two weeks. If you log out of your account, the login cookies will be removed.<\/p>\n<!-- \/wp:paragraph -->\n<!-- wp:paragraph -->\n<p>If you edit or publish an article, an additional cookie will be saved in your browser. This cookie includes no personal data and simply indicates the post ID of the article you just edited. It expires after 1 day.<\/p>\n<!-- \/wp:paragraph -->\n<!-- wp:heading -->\n<h2 class=\"wp-block-heading\">Embedded content from other websites<\/h2>\n<!-- \/wp:heading -->\n<!-- wp:paragraph -->\n<p><strong class=\"privacy-policy-tutorial\">Suggested text: <\/strong>Articles on this site may include embedded content (e.g. videos, images, articles, etc.). Embedded content from other websites behaves in the exact same way as if the visitor has visited the other website.<\/p>\n<!-- \/wp:paragraph -->\n<!-- wp:paragraph -->\n<p>These websites may collect data about you, use cookies, embed additional third-party tracking, and monitor your interaction with that embedded content, including tracking your interaction with the embedded content if you have an account and are logged in to that website.<\/p>\n<!-- \/wp:paragraph -->\n<!-- wp:heading -->\n<h2 class=\"wp-block-heading\">Who we share your data with<\/h2>\n<!-- \/wp:heading -->\n<!-- wp:paragraph -->\n<p><strong class=\"privacy-policy-tutorial\">Suggested text: <\/strong>If you request a password reset, your IP address will be included in the reset email.<\/p>\n<!-- \/wp:paragraph -->\n<!-- wp:heading -->\n<h2 class=\"wp-block-heading\">How long we retain your data<\/h2>\n<!-- \/wp:heading -->\n<!-- wp:paragraph -->\n<p><strong class=\"privacy-policy-tutorial\">Suggested text: <\/strong>If you leave a comment, the comment and its metadata are retained indefinitely. This is so we can recognize and approve any follow-up comments automatically instead of holding them in a moderation queue.<\/p>\n<!-- \/wp:paragraph -->\n<!-- wp:paragraph -->\n<p>For users that register on our website (if any), we also store the personal information they provide in their user profile. All users can see, edit, or delete their personal information at any time (except they cannot change their username). Website administrators can also see and edit that information.<\/p>\n<!-- \/wp:paragraph -->\n<!-- wp:heading -->\n<h2 class=\"wp-block-heading\">What rights you have over your data<\/h2>\n<!-- \/wp:heading -->\n<!-- wp:paragraph -->\n<p><strong class=\"privacy-policy-tutorial\">Suggested text: <\/strong>If you have an account on this site, or have left comments, you can request to receive an exported file of the personal data we hold about you, including any data you have provided to us. You can also request that we erase any personal data we hold about you. This does not include any data we are obliged to keep for administrative, legal, or security purposes.<\/p>\n<!-- \/wp:paragraph -->\n<!-- wp:heading -->\n<h2 class=\"wp-block-heading\">Where your data is sent<\/h2>\n<!-- \/wp:heading -->\n<!-- wp:paragraph -->\n<p><strong class=\"privacy-policy-tutorial\">Suggested text: <\/strong>Visitor comments may be checked through an automated spam detection service.<\/p>\n<!-- \/wp:paragraph -->\n","_et_gb_content_width":"","footnotes":""},"class_list":["post-3","page","type-page","status-publish","hentry"],"yoast_head":"<!-- This site is optimized with the Yoast SEO plugin v27.3 - https:\/\/yoast.com\/product\/yoast-seo-wordpress\/ -->\n<title>\u00c9picerie fine italienne Gen\u00e8ve \u2013 La Vinicola<\/title>\n<meta name=\"description\" content=\"La Vinicola, \u00e9picerie fine italienne \u00e0 Gen\u00e8ve. Produits d\u2019Italie authentiques : vins, biscuits, panettone, huile d&#039;olive, miel, caf\u00e9 etc.\" \/>\n<meta name=\"robots\" content=\"index, follow, max-snippet:-1, max-image-preview:large, max-video-preview:-1\" \/>\n<link rel=\"canonical\" href=\"https:\/\/lavinicola-geneve.ch\/en\/confidentiality\/\" \/>\n<meta property=\"og:locale\" content=\"fr_FR\" \/>\n<meta property=\"og:type\" content=\"article\" \/>\n<meta property=\"og:title\" content=\"\u00c9picerie fine italienne Gen\u00e8ve \u2013 La Vinicola\" \/>\n<meta property=\"og:description\" content=\"La Vinicola, \u00e9picerie fine italienne \u00e0 Gen\u00e8ve. Produits d\u2019Italie authentiques : vins, biscuits, panettone, huile d&#039;olive, miel, caf\u00e9 etc.\" \/>\n<meta property=\"og:url\" content=\"https:\/\/lavinicola-geneve.ch\/en\/confidentiality\/\" \/>\n<meta property=\"og:site_name\" content=\"la vinicola - \u00e9picerie italienne\" \/>\n<meta property=\"article:modified_time\" content=\"2025-08-23T13:08:10+00:00\" \/>\n<meta name=\"twitter:card\" content=\"summary_large_image\" \/>\n<script type=\"application\/ld+json\" class=\"yoast-schema-graph\">{\"@context\":\"https:\\\/\\\/schema.org\",\"@graph\":[{\"@type\":\"WebPage\",\"@id\":\"https:\\\/\\\/lavinicola-geneve.ch\\\/confidentialite\\\/\",\"url\":\"https:\\\/\\\/lavinicola-geneve.ch\\\/confidentialite\\\/\",\"name\":\"\u00c9picerie fine italienne Gen\u00e8ve \u2013 La Vinicola\",\"isPartOf\":{\"@id\":\"https:\\\/\\\/lavinicola-geneve.ch\\\/#website\"},\"datePublished\":\"2025-08-14T12:55:51+00:00\",\"dateModified\":\"2025-08-23T13:08:10+00:00\",\"description\":\"La Vinicola, \u00e9picerie fine italienne \u00e0 Gen\u00e8ve. Produits d\u2019Italie authentiques : vins, biscuits, panettone, huile d'olive, miel, caf\u00e9 etc.\",\"breadcrumb\":{\"@id\":\"https:\\\/\\\/lavinicola-geneve.ch\\\/confidentialite\\\/#breadcrumb\"},\"inLanguage\":\"fr-CH\",\"potentialAction\":[{\"@type\":\"ReadAction\",\"target\":[\"https:\\\/\\\/lavinicola-geneve.ch\\\/confidentialite\\\/\"]}]},{\"@type\":\"BreadcrumbList\",\"@id\":\"https:\\\/\\\/lavinicola-geneve.ch\\\/confidentialite\\\/#breadcrumb\",\"itemListElement\":[{\"@type\":\"ListItem\",\"position\":1,\"name\":\"Accueil\",\"item\":\"https:\\\/\\\/lavinicola-geneve.ch\\\/\"},{\"@type\":\"ListItem\",\"position\":2,\"name\":\"confidentialite\"}]},{\"@type\":\"WebSite\",\"@id\":\"https:\\\/\\\/lavinicola-geneve.ch\\\/#website\",\"url\":\"https:\\\/\\\/lavinicola-geneve.ch\\\/\",\"name\":\"la vinicola - \u00e9picerie italienne\",\"description\":\"Vinoth\u00e8que et \u00e9picerie fine italienne\",\"publisher\":{\"@id\":\"https:\\\/\\\/lavinicola-geneve.ch\\\/#organization\"},\"potentialAction\":[{\"@type\":\"SearchAction\",\"target\":{\"@type\":\"EntryPoint\",\"urlTemplate\":\"https:\\\/\\\/lavinicola-geneve.ch\\\/?s={search_term_string}\"},\"query-input\":{\"@type\":\"PropertyValueSpecification\",\"valueRequired\":true,\"valueName\":\"search_term_string\"}}],\"inLanguage\":\"fr-CH\"},{\"@type\":\"Organization\",\"@id\":\"https:\\\/\\\/lavinicola-geneve.ch\\\/#organization\",\"name\":\"la vinicola - \u00e9picerie italienne\",\"url\":\"https:\\\/\\\/lavinicola-geneve.ch\\\/\",\"logo\":{\"@type\":\"ImageObject\",\"inLanguage\":\"fr-CH\",\"@id\":\"https:\\\/\\\/lavinicola-geneve.ch\\\/#\\\/schema\\\/logo\\\/image\\\/\",\"url\":\"https:\\\/\\\/lavinicola-geneve.ch\\\/wp-content\\\/uploads\\\/2025\\\/08\\\/logo-recu.jpeg\",\"contentUrl\":\"https:\\\/\\\/lavinicola-geneve.ch\\\/wp-content\\\/uploads\\\/2025\\\/08\\\/logo-recu.jpeg\",\"width\":1024,\"height\":841,\"caption\":\"la vinicola - \u00e9picerie italienne\"},\"image\":{\"@id\":\"https:\\\/\\\/lavinicola-geneve.ch\\\/#\\\/schema\\\/logo\\\/image\\\/\"},\"sameAs\":[\"https:\\\/\\\/www.instagram.com\\\/aamorefood\",\"https:\\\/\\\/www.linkedin.com\\\/in\\\/armando-amore-42692a33b\\\/\"]}]}<\/script>\n<!-- \/ Yoast SEO plugin. -->","yoast_head_json":{"title":"Italian delicatessen Geneva \u2013 La Vinicola","description":"La Vinicola, an Italian delicatessen in Geneva. Authentic Italian products: wines, biscuits, panettone, olive oil, honey, coffee, etc.","robots":{"index":"index","follow":"follow","max-snippet":"max-snippet:-1","max-image-preview":"max-image-preview:large","max-video-preview":"max-video-preview:-1"},"canonical":"https:\/\/lavinicola-geneve.ch\/en\/confidentiality\/","og_locale":"fr_FR","og_type":"article","og_title":"\u00c9picerie fine italienne Gen\u00e8ve \u2013 La Vinicola","og_description":"La Vinicola, \u00e9picerie fine italienne \u00e0 Gen\u00e8ve. Produits d\u2019Italie authentiques : vins, biscuits, panettone, huile d'olive, miel, caf\u00e9 etc.","og_url":"https:\/\/lavinicola-geneve.ch\/en\/confidentiality\/","og_site_name":"la vinicola - \u00e9picerie italienne","article_modified_time":"2025-08-23T13:08:10+00:00","twitter_card":"summary_large_image","schema":{"@context":"https:\/\/schema.org","@graph":[{"@type":"WebPage","@id":"https:\/\/lavinicola-geneve.ch\/confidentialite\/","url":"https:\/\/lavinicola-geneve.ch\/confidentialite\/","name":"Italian delicatessen Geneva \u2013 La Vinicola","isPartOf":{"@id":"https:\/\/lavinicola-geneve.ch\/#website"},"datePublished":"2025-08-14T12:55:51+00:00","dateModified":"2025-08-23T13:08:10+00:00","description":"La Vinicola, an Italian delicatessen in Geneva. Authentic Italian products: wines, biscuits, panettone, olive oil, honey, coffee, etc.","breadcrumb":{"@id":"https:\/\/lavinicola-geneve.ch\/confidentialite\/#breadcrumb"},"inLanguage":"fr-CH","potentialAction":[{"@type":"ReadAction","target":["https:\/\/lavinicola-geneve.ch\/confidentialite\/"]}]},{"@type":"BreadcrumbList","@id":"https:\/\/lavinicola-geneve.ch\/confidentialite\/#breadcrumb","itemListElement":[{"@type":"ListItem","position":1,"name":"Accueil","item":"https:\/\/lavinicola-geneve.ch\/"},{"@type":"ListItem","position":2,"name":"confidentialite"}]},{"@type":"WebSite","@id":"https:\/\/lavinicola-geneve.ch\/#website","url":"https:\/\/lavinicola-geneve.ch\/","name":"la vinicola - Italian grocery store","description":"Italian wine library and delicatessen","publisher":{"@id":"https:\/\/lavinicola-geneve.ch\/#organization"},"potentialAction":[{"@type":"SearchAction","target":{"@type":"EntryPoint","urlTemplate":"https:\/\/lavinicola-geneve.ch\/?s={search_term_string}"},"query-input":{"@type":"PropertyValueSpecification","valueRequired":true,"valueName":"search_term_string"}}],"inLanguage":"fr-CH"},{"@type":"Organization","@id":"https:\/\/lavinicola-geneve.ch\/#organization","name":"la vinicola - Italian grocery store","url":"https:\/\/lavinicola-geneve.ch\/","logo":{"@type":"ImageObject","inLanguage":"fr-CH","@id":"https:\/\/lavinicola-geneve.ch\/#\/schema\/logo\/image\/","url":"https:\/\/lavinicola-geneve.ch\/wp-content\/uploads\/2025\/08\/logo-recu.jpeg","contentUrl":"https:\/\/lavinicola-geneve.ch\/wp-content\/uploads\/2025\/08\/logo-recu.jpeg","width":1024,"height":841,"caption":"la vinicola - \u00e9picerie italienne"},"image":{"@id":"https:\/\/lavinicola-geneve.ch\/#\/schema\/logo\/image\/"},"sameAs":["https:\/\/www.instagram.com\/aamorefood","https:\/\/www.linkedin.com\/in\/armando-amore-42692a33b\/"]}]}},"_links":{"self":[{"href":"https:\/\/lavinicola-geneve.ch\/en\/wp-json\/wp\/v2\/pages\/3","targetHints":{"allow":["GET"]}}],"collection":[{"href":"https:\/\/lavinicola-geneve.ch\/en\/wp-json\/wp\/v2\/pages"}],"about":[{"href":"https:\/\/lavinicola-geneve.ch\/en\/wp-json\/wp\/v2\/types\/page"}],"author":[{"embeddable":true,"href":"https:\/\/lavinicola-geneve.ch\/en\/wp-json\/wp\/v2\/users\/4"}],"replies":[{"embeddable":true,"href":"https:\/\/lavinicola-geneve.ch\/en\/wp-json\/wp\/v2\/comments?post=3"}],"version-history":[{"count":3,"href":"https:\/\/lavinicola-geneve.ch\/en\/wp-json\/wp\/v2\/pages\/3\/revisions"}],"predecessor-version":[{"id":434,"href":"https:\/\/lavinicola-geneve.ch\/en\/wp-json\/wp\/v2\/pages\/3\/revisions\/434"}],"wp:attachment":[{"href":"https:\/\/lavinicola-geneve.ch\/en\/wp-json\/wp\/v2\/media?parent=3"}],"curies":[{"name":"wp","href":"https:\/\/api.w.org\/{rel}","templated":true}]}}