{"id":24,"date":"2025-08-15T05:12:51","date_gmt":"2025-08-15T05:12:51","guid":{"rendered":"http:\/\/lavinicola-geneve.ch\/mon-compte\/"},"modified":"2025-08-23T11:24:47","modified_gmt":"2025-08-23T11:24:47","slug":"my-account","status":"publish","type":"page","link":"https:\/\/lavinicola-geneve.ch\/en\/mon-compte\/","title":{"rendered":"My account"},"content":{"rendered":"[et_pb_section fb_built=\u00a0\u00bb1&Prime; _builder_version=\u00a0\u00bb4.27.4&Prime; _module_preset=\u00a0\u00bbdefault\u00a0\u00bb background_color=\u00a0\u00bb#E9E9E2&Prime; custom_margin=\u00a0\u00bb0px||||false|false\u00a0\u00bb custom_padding=\u00a0\u00bb0px||0px||true|false\u00a0\u00bb hover_enabled=\u00a0\u00bb0&Prime; locked=\u00a0\u00bboff\u00a0\u00bb global_colors_info=\u00a0\u00bb{}\u00a0\u00bb custom_padding_last_edited=\u00a0\u00bbon|phone\u00a0\u00bb custom_padding_phone=\u00a0\u00bb30px||10px||false|false\u00a0\u00bb sticky_enabled=\u00a0\u00bb0&Prime; custom_padding_tablet=\u00a0\u00bb0px||0px||true|false\u00a0\u00bb][et_pb_row _builder_version=\u00a0\u00bb4.27.4&Prime; _module_preset=\u00a0\u00bbdefault\u00a0\u00bb width=\u00a0\u00bb100%\u00a0\u00bb max_width=\u00a0\u00bb2560px\u00a0\u00bb custom_margin=\u00a0\u00bb-20px||0px||false|false\u00a0\u00bb custom_padding=\u00a0\u00bb0px||0px||false|false\u00a0\u00bb global_colors_info=\u00a0\u00bb{}\u00a0\u00bb][et_pb_column type=\u00a0\u00bb4_4&Prime; _builder_version=\u00a0\u00bb4.27.4&Prime; _module_preset=\u00a0\u00bbdefault\u00a0\u00bb global_colors_info=\u00a0\u00bb{}\u00a0\u00bb][dnxte_text_mask thumbnail_image_mask=\u00a0\u00bbhttps:\/\/lavinicola-geneve.ch\/wp-content\/uploads\/2025\/08\/ekkpkzdvq4.jpg\u00a0\u00bb background_image_size=\u00a0\u00bbcontain\u00a0\u00bb background_image_repeat=\u00a0\u00bbrepeat-x\u00a0\u00bb text_mask=\u00a0\u00bbmon compte\u00a0\u00bb heading_tag=\u00a0\u00bbh1&Prime; _builder_version=\u00a0\u00bb4.27.4&Prime; _module_preset=\u00a0\u00bbdefault\u00a0\u00bb text_mask_font=\u00a0\u00bbArsenal|700||on|||||\u00a0\u00bb text_mask_text_align=\u00a0\u00bbcenter\u00a0\u00bb text_mask_font_size=\u00a0\u00bb150px\u00a0\u00bb custom_margin=\u00a0\u00bb0px||0px||true|false\u00a0\u00bb custom_padding=\u00a0\u00bb0px||0px||true|false\u00a0\u00bb hover_enabled=\u00a0\u00bb0&Prime; global_colors_info=\u00a0\u00bb{}\u00a0\u00bb text_mask_font_size_last_edited=\u00a0\u00bbon|phone\u00a0\u00bb sticky_enabled=\u00a0\u00bb0&Prime; text_mask_font_size_tablet=\u00a0\u00bb100px\u00a0\u00bb text_mask_font_size_phone=\u00a0\u00bb50px\u00a0\u00bb][\/dnxte_text_mask][\/et_pb_column][\/et_pb_row][\/et_pb_section][et_pb_section fb_built=\u00a0\u00bb1&Prime; _builder_version=\u00a0\u00bb4.27.4&Prime; background_color=\u00a0\u00bbrgba(135,90,0,0.27)\u00a0\u00bb global_colors_info=\u00a0\u00bb{}\u00a0\u00bb][et_pb_row column_structure=\u00a0\u00bb1_6,1_6,1_6,1_6,1_6,1_6&Prime; _builder_version=\u00a0\u00bb4.24.2&Prime; _module_preset=\u00a0\u00bbdefault\u00a0\u00bb width=\u00a0\u00bb60%\u00a0\u00bb width_tablet=\u00a0\u00bb80%\u00a0\u00bb width_phone=\u00a0\u00bb96%\u00a0\u00bb width_last_edited=\u00a0\u00bbon|tablet\u00a0\u00bb module_alignment=\u00a0\u00bbcenter\u00a0\u00bb custom_padding=\u00a0\u00bb||0px||false|false\u00a0\u00bb global_colors_info=\u00a0\u00bb{}\u00a0\u00bb][et_pb_column type=\u00a0\u00bb1_6&Prime; _builder_version=\u00a0\u00bb4.17.6&Prime; _module_preset=\u00a0\u00bbdefault\u00a0\u00bb global_colors_info=\u00a0\u00bb{}\u00a0\u00bb][\/et_pb_column][et_pb_column type=\u00a0\u00bb1_6&Prime; _builder_version=\u00a0\u00bb4.17.6&Prime; _module_preset=\u00a0\u00bbdefault\u00a0\u00bb global_colors_info=\u00a0\u00bb{}\u00a0\u00bb][et_pb_blurb title=\u00a0\u00bbMes donn\u00e9es\u00a0\u00bb use_icon=\u00a0\u00bbon\u00a0\u00bb font_icon=\u00a0\u00bb&#xf007;||fa||400&Prime; icon_color=\u00a0\u00bb#000000&Prime; image_icon_width=\u00a0\u00bb24px\u00a0\u00bb _builder_version=\u00a0\u00bb4.24.3&Prime; _module_preset=\u00a0\u00bbdefault\u00a0\u00bb header_font=\u00a0\u00bb|300|||||||\u00a0\u00bb header_text_align=\u00a0\u00bbcenter\u00a0\u00bb header_text_color=\u00a0\u00bb#000000&Prime; header_font_size=\u00a0\u00bb15px\u00a0\u00bb header_line_height=\u00a0\u00bb0em\u00a0\u00bb link_option_url=\u00a0\u00bb\/mon-compte\/edit-account\/\u00a0\u00bb global_colors_info=\u00a0\u00bb{}\u00a0\u00bb][\/et_pb_blurb][\/et_pb_column][et_pb_column type=\u00a0\u00bb1_6&Prime; _builder_version=\u00a0\u00bb4.17.6&Prime; _module_preset=\u00a0\u00bbdefault\u00a0\u00bb global_colors_info=\u00a0\u00bb{}\u00a0\u00bb][et_pb_blurb title=\u00a0\u00bbMes adresses\u00a0\u00bb use_icon=\u00a0\u00bbon\u00a0\u00bb font_icon=\u00a0\u00bb&#xe074;||divi||400&Prime; icon_color=\u00a0\u00bb#000000&Prime; image_icon_width=\u00a0\u00bb24px\u00a0\u00bb _builder_version=\u00a0\u00bb4.24.2&Prime; _module_preset=\u00a0\u00bbdefault\u00a0\u00bb header_font=\u00a0\u00bb|300|||||||\u00a0\u00bb header_text_align=\u00a0\u00bbcenter\u00a0\u00bb header_text_color=\u00a0\u00bb#000000&Prime; header_font_size=\u00a0\u00bb15px\u00a0\u00bb header_line_height=\u00a0\u00bb0em\u00a0\u00bb link_option_url=\u00a0\u00bb\/mon-compte\/edit-address\/\u00a0\u00bb global_colors_info=\u00a0\u00bb{}\u00a0\u00bb][\/et_pb_blurb][\/et_pb_column][et_pb_column type=\u00a0\u00bb1_6&Prime; _builder_version=\u00a0\u00bb4.17.6&Prime; _module_preset=\u00a0\u00bbdefault\u00a0\u00bb global_colors_info=\u00a0\u00bb{}\u00a0\u00bb][et_pb_blurb title=\u00a0\u00bbMes commandes\u00a0\u00bb use_icon=\u00a0\u00bbon\u00a0\u00bb font_icon=\u00a0\u00bb&#xf233;||fa||900&Prime; icon_color=\u00a0\u00bb#000000&Prime; image_icon_width=\u00a0\u00bb24px\u00a0\u00bb _builder_version=\u00a0\u00bb4.24.2&Prime; _module_preset=\u00a0\u00bbdefault\u00a0\u00bb header_font=\u00a0\u00bb|300|||||||\u00a0\u00bb header_text_align=\u00a0\u00bbcenter\u00a0\u00bb header_text_color=\u00a0\u00bb#000000&Prime; header_font_size=\u00a0\u00bb15px\u00a0\u00bb header_line_height=\u00a0\u00bb0em\u00a0\u00bb link_option_url=\u00a0\u00bb\/mon-compte\/orders\/\u00a0\u00bb global_colors_info=\u00a0\u00bb{}\u00a0\u00bb][\/et_pb_blurb][\/et_pb_column][et_pb_column type=\u00a0\u00bb1_6&Prime; _builder_version=\u00a0\u00bb4.17.6&Prime; _module_preset=\u00a0\u00bbdefault\u00a0\u00bb global_colors_info=\u00a0\u00bb{}\u00a0\u00bb][et_pb_blurb title=\u00a0\u00bbMes moyens de paiement\u00a0\u00bb use_icon=\u00a0\u00bbon\u00a0\u00bb font_icon=\u00a0\u00bb&#xf1f0;||fa||400&Prime; icon_color=\u00a0\u00bb#000000&Prime; image_icon_width=\u00a0\u00bb24px\u00a0\u00bb _builder_version=\u00a0\u00bb4.24.3&Prime; _module_preset=\u00a0\u00bbdefault\u00a0\u00bb header_font=\u00a0\u00bb|300|||||||\u00a0\u00bb header_text_align=\u00a0\u00bbcenter\u00a0\u00bb header_text_color=\u00a0\u00bb#000000&Prime; header_font_size=\u00a0\u00bb15px\u00a0\u00bb link_option_url=\u00a0\u00bb\/mon-compte\/payment-methods\/\u00a0\u00bb global_colors_info=\u00a0\u00bb{}\u00a0\u00bb][\/et_pb_blurb][\/et_pb_column][et_pb_column type=\u00a0\u00bb1_6&Prime; _builder_version=\u00a0\u00bb4.17.6&Prime; _module_preset=\u00a0\u00bbdefault\u00a0\u00bb global_colors_info=\u00a0\u00bb{}\u00a0\u00bb][\/et_pb_column][\/et_pb_row][et_pb_row custom_padding_last_edited=\u00a0\u00bbon|phone\u00a0\u00bb _builder_version=\u00a0\u00bb4.27.4&Prime; background_color=\u00a0\u00bbrgba(135,90,0,0.27)\u00a0\u00bb background_size=\u00a0\u00bbinitial\u00a0\u00bb background_position=\u00a0\u00bbtop_left\u00a0\u00bb background_repeat=\u00a0\u00bbrepeat\u00a0\u00bb width=\u00a0\u00bb52%\u00a0\u00bb width_tablet=\u00a0\u00bb80%\u00a0\u00bb width_phone=\u00a0\u00bb88%\u00a0\u00bb width_last_edited=\u00a0\u00bbon|tablet\u00a0\u00bb custom_margin=\u00a0\u00bb10px||||false|false\u00a0\u00bb custom_margin_tablet=\u00a0\u00bb\u00a0\u00bb custom_margin_phone=\u00a0\u00bb||||false|false\u00a0\u00bb custom_margin_last_edited=\u00a0\u00bbon|phone\u00a0\u00bb custom_padding=\u00a0\u00bb40px|90px|40px|90px|true|false\u00a0\u00bb custom_padding_tablet=\u00a0\u00bb70px|70px|70px|70px|true|true\u00a0\u00bb custom_padding_phone=\u00a0\u00bb40px|40px|40px|40px|true|true\u00a0\u00bb border_width_top=\u00a0\u00bb1px\u00a0\u00bb border_color_top=\u00a0\u00bb#000000&Prime; border_width_bottom=\u00a0\u00bb1px\u00a0\u00bb border_color_bottom=\u00a0\u00bb#000000&Prime; global_colors_info=\u00a0\u00bb{}\u00a0\u00bb][et_pb_column type=\u00a0\u00bb4_4&Prime; _builder_version=\u00a0\u00bb4.16&Prime; custom_padding=\u00a0\u00bb|||\u00a0\u00bb global_colors_info=\u00a0\u00bb{}\u00a0\u00bb custom_padding__hover=\u00a0\u00bb|||\u00a0\u00bb][et_pb_text _builder_version=\u00a0\u00bb4.24.3&Prime; text_font=\u00a0\u00bb|300|||||||\u00a0\u00bb text_text_color=\u00a0\u00bb#000000&Prime; text_font_size=\u00a0\u00bb16px\u00a0\u00bb text_line_height=\u00a0\u00bb1.5em\u00a0\u00bb link_font=\u00a0\u00bb||||on||||\u00a0\u00bb link_text_color=\u00a0\u00bb#000000&Prime; header_3_font=\u00a0\u00bbComfortaa|600|||||||\u00a0\u00bb header_3_font_size=\u00a0\u00bb30px\u00a0\u00bb background_color=\u00a0\u00bbRGBA(255,255,255,0)\u00a0\u00bb background_size=\u00a0\u00bbinitial\u00a0\u00bb background_position=\u00a0\u00bbtop_left\u00a0\u00bb background_repeat=\u00a0\u00bbrepeat\u00a0\u00bb global_colors_info=\u00a0\u00bb{}\u00a0\u00bb]<p><div class=\"woocommerce\"><\/div>\n<p>\n<\/p>[\/et_pb_text][\/et_pb_column][\/et_pb_row][\/et_pb_section]","protected":false},"excerpt":{"rendered":"<p><div class=\"et_pb_module dnxte_text_mask dnxte_text_mask_0\">\n\t\t\t\t\n\t\t\t\t\n\t\t\t\t\n\t\t\t\t\n\t\t\t\t\n\t\t\t\t\n\t\t\t\t<div class=\"et_pb_module_inner\">\n\t\t\t\t\t<h1 class=\"dn-dtm-text-masking text_bg dnxt-hover-\">\n\t\t\t\tmy account\n\t\t\t<\/h1>\n\t\t\t\t<\/div>\n\t\t\t<\/div><div class=\"woocommerce\"><\/div><\/p>","protected":false},"author":1,"featured_media":0,"parent":0,"menu_order":0,"comment_status":"closed","ping_status":"closed","template":"","meta":{"_et_pb_use_builder":"on","_et_pb_old_content":"<!-- wp:shortcode -->[woocommerce_my_account]<!-- \/wp:shortcode -->","_et_gb_content_width":"","footnotes":""},"class_list":["post-24","page","type-page","status-publish","hentry"],"yoast_head":"<!-- This site is optimized with the Yoast SEO plugin v27.3 - https:\/\/yoast.com\/product\/yoast-seo-wordpress\/ -->\n<title>\u00c9picerie fine italienne Gen\u00e8ve \u2013 La Vinicola<\/title>\n<meta name=\"description\" content=\"La Vinicola, \u00e9picerie fine italienne \u00e0 Gen\u00e8ve. Produits d\u2019Italie authentiques : vins, biscuits, panettone, huile d&#039;olive, miel, caf\u00e9 etc.\" \/>\n<meta name=\"robots\" content=\"index, follow, max-snippet:-1, max-image-preview:large, max-video-preview:-1\" \/>\n<link rel=\"canonical\" href=\"https:\/\/lavinicola-geneve.ch\/en\/my-account\/\" \/>\n<meta property=\"og:locale\" content=\"fr_FR\" \/>\n<meta property=\"og:type\" content=\"article\" \/>\n<meta property=\"og:title\" content=\"\u00c9picerie fine italienne Gen\u00e8ve \u2013 La Vinicola\" \/>\n<meta property=\"og:description\" content=\"La Vinicola, \u00e9picerie fine italienne \u00e0 Gen\u00e8ve. Produits d\u2019Italie authentiques : vins, biscuits, panettone, huile d&#039;olive, miel, caf\u00e9 etc.\" \/>\n<meta property=\"og:url\" content=\"https:\/\/lavinicola-geneve.ch\/en\/my-account\/\" \/>\n<meta property=\"og:site_name\" content=\"la vinicola - \u00e9picerie italienne\" \/>\n<meta property=\"article:modified_time\" content=\"2025-08-23T11:24:47+00:00\" \/>\n<meta name=\"twitter:card\" content=\"summary_large_image\" \/>\n<script type=\"application\/ld+json\" class=\"yoast-schema-graph\">{\"@context\":\"https:\\\/\\\/schema.org\",\"@graph\":[{\"@type\":\"WebPage\",\"@id\":\"https:\\\/\\\/lavinicola-geneve.ch\\\/mon-compte\\\/\",\"url\":\"https:\\\/\\\/lavinicola-geneve.ch\\\/mon-compte\\\/\",\"name\":\"\u00c9picerie fine italienne Gen\u00e8ve \u2013 La Vinicola\",\"isPartOf\":{\"@id\":\"https:\\\/\\\/lavinicola-geneve.ch\\\/#website\"},\"datePublished\":\"2025-08-15T05:12:51+00:00\",\"dateModified\":\"2025-08-23T11:24:47+00:00\",\"description\":\"La Vinicola, \u00e9picerie fine italienne \u00e0 Gen\u00e8ve. Produits d\u2019Italie authentiques : vins, biscuits, panettone, huile d'olive, miel, caf\u00e9 etc.\",\"breadcrumb\":{\"@id\":\"https:\\\/\\\/lavinicola-geneve.ch\\\/mon-compte\\\/#breadcrumb\"},\"inLanguage\":\"fr-CH\",\"potentialAction\":[{\"@type\":\"ReadAction\",\"target\":[\"https:\\\/\\\/lavinicola-geneve.ch\\\/mon-compte\\\/\"]}]},{\"@type\":\"BreadcrumbList\",\"@id\":\"https:\\\/\\\/lavinicola-geneve.ch\\\/mon-compte\\\/#breadcrumb\",\"itemListElement\":[{\"@type\":\"ListItem\",\"position\":1,\"name\":\"Accueil\",\"item\":\"https:\\\/\\\/lavinicola-geneve.ch\\\/\"},{\"@type\":\"ListItem\",\"position\":2,\"name\":\"Mon compte\"}]},{\"@type\":\"WebSite\",\"@id\":\"https:\\\/\\\/lavinicola-geneve.ch\\\/#website\",\"url\":\"https:\\\/\\\/lavinicola-geneve.ch\\\/\",\"name\":\"la vinicola - \u00e9picerie italienne\",\"description\":\"Vinoth\u00e8que et \u00e9picerie fine italienne\",\"publisher\":{\"@id\":\"https:\\\/\\\/lavinicola-geneve.ch\\\/#organization\"},\"potentialAction\":[{\"@type\":\"SearchAction\",\"target\":{\"@type\":\"EntryPoint\",\"urlTemplate\":\"https:\\\/\\\/lavinicola-geneve.ch\\\/?s={search_term_string}\"},\"query-input\":{\"@type\":\"PropertyValueSpecification\",\"valueRequired\":true,\"valueName\":\"search_term_string\"}}],\"inLanguage\":\"fr-CH\"},{\"@type\":\"Organization\",\"@id\":\"https:\\\/\\\/lavinicola-geneve.ch\\\/#organization\",\"name\":\"la vinicola - \u00e9picerie italienne\",\"url\":\"https:\\\/\\\/lavinicola-geneve.ch\\\/\",\"logo\":{\"@type\":\"ImageObject\",\"inLanguage\":\"fr-CH\",\"@id\":\"https:\\\/\\\/lavinicola-geneve.ch\\\/#\\\/schema\\\/logo\\\/image\\\/\",\"url\":\"https:\\\/\\\/lavinicola-geneve.ch\\\/wp-content\\\/uploads\\\/2025\\\/08\\\/logo-recu.jpeg\",\"contentUrl\":\"https:\\\/\\\/lavinicola-geneve.ch\\\/wp-content\\\/uploads\\\/2025\\\/08\\\/logo-recu.jpeg\",\"width\":1024,\"height\":841,\"caption\":\"la vinicola - \u00e9picerie italienne\"},\"image\":{\"@id\":\"https:\\\/\\\/lavinicola-geneve.ch\\\/#\\\/schema\\\/logo\\\/image\\\/\"},\"sameAs\":[\"https:\\\/\\\/www.instagram.com\\\/aamorefood\",\"https:\\\/\\\/www.linkedin.com\\\/in\\\/armando-amore-42692a33b\\\/\"]}]}<\/script>\n<!-- \/ Yoast SEO plugin. -->","yoast_head_json":{"title":"Italian delicatessen Geneva \u2013 La Vinicola","description":"La Vinicola, an Italian delicatessen in Geneva. Authentic Italian products: wines, biscuits, panettone, olive oil, honey, coffee, etc.","robots":{"index":"index","follow":"follow","max-snippet":"max-snippet:-1","max-image-preview":"max-image-preview:large","max-video-preview":"max-video-preview:-1"},"canonical":"https:\/\/lavinicola-geneve.ch\/en\/my-account\/","og_locale":"fr_FR","og_type":"article","og_title":"\u00c9picerie fine italienne Gen\u00e8ve \u2013 La Vinicola","og_description":"La Vinicola, \u00e9picerie fine italienne \u00e0 Gen\u00e8ve. Produits d\u2019Italie authentiques : vins, biscuits, panettone, huile d'olive, miel, caf\u00e9 etc.","og_url":"https:\/\/lavinicola-geneve.ch\/en\/my-account\/","og_site_name":"la vinicola - \u00e9picerie italienne","article_modified_time":"2025-08-23T11:24:47+00:00","twitter_card":"summary_large_image","schema":{"@context":"https:\/\/schema.org","@graph":[{"@type":"WebPage","@id":"https:\/\/lavinicola-geneve.ch\/mon-compte\/","url":"https:\/\/lavinicola-geneve.ch\/mon-compte\/","name":"Italian delicatessen Geneva \u2013 La Vinicola","isPartOf":{"@id":"https:\/\/lavinicola-geneve.ch\/#website"},"datePublished":"2025-08-15T05:12:51+00:00","dateModified":"2025-08-23T11:24:47+00:00","description":"La Vinicola, an Italian delicatessen in Geneva. Authentic Italian products: wines, biscuits, panettone, olive oil, honey, coffee, etc.","breadcrumb":{"@id":"https:\/\/lavinicola-geneve.ch\/mon-compte\/#breadcrumb"},"inLanguage":"fr-CH","potentialAction":[{"@type":"ReadAction","target":["https:\/\/lavinicola-geneve.ch\/mon-compte\/"]}]},{"@type":"BreadcrumbList","@id":"https:\/\/lavinicola-geneve.ch\/mon-compte\/#breadcrumb","itemListElement":[{"@type":"ListItem","position":1,"name":"Accueil","item":"https:\/\/lavinicola-geneve.ch\/"},{"@type":"ListItem","position":2,"name":"Mon compte"}]},{"@type":"WebSite","@id":"https:\/\/lavinicola-geneve.ch\/#website","url":"https:\/\/lavinicola-geneve.ch\/","name":"la vinicola - Italian grocery store","description":"Italian wine library and delicatessen","publisher":{"@id":"https:\/\/lavinicola-geneve.ch\/#organization"},"potentialAction":[{"@type":"SearchAction","target":{"@type":"EntryPoint","urlTemplate":"https:\/\/lavinicola-geneve.ch\/?s={search_term_string}"},"query-input":{"@type":"PropertyValueSpecification","valueRequired":true,"valueName":"search_term_string"}}],"inLanguage":"fr-CH"},{"@type":"Organization","@id":"https:\/\/lavinicola-geneve.ch\/#organization","name":"la vinicola - Italian grocery store","url":"https:\/\/lavinicola-geneve.ch\/","logo":{"@type":"ImageObject","inLanguage":"fr-CH","@id":"https:\/\/lavinicola-geneve.ch\/#\/schema\/logo\/image\/","url":"https:\/\/lavinicola-geneve.ch\/wp-content\/uploads\/2025\/08\/logo-recu.jpeg","contentUrl":"https:\/\/lavinicola-geneve.ch\/wp-content\/uploads\/2025\/08\/logo-recu.jpeg","width":1024,"height":841,"caption":"la vinicola - \u00e9picerie italienne"},"image":{"@id":"https:\/\/lavinicola-geneve.ch\/#\/schema\/logo\/image\/"},"sameAs":["https:\/\/www.instagram.com\/aamorefood","https:\/\/www.linkedin.com\/in\/armando-amore-42692a33b\/"]}]}},"_links":{"self":[{"href":"https:\/\/lavinicola-geneve.ch\/en\/wp-json\/wp\/v2\/pages\/24","targetHints":{"allow":["GET"]}}],"collection":[{"href":"https:\/\/lavinicola-geneve.ch\/en\/wp-json\/wp\/v2\/pages"}],"about":[{"href":"https:\/\/lavinicola-geneve.ch\/en\/wp-json\/wp\/v2\/types\/page"}],"author":[{"embeddable":true,"href":"https:\/\/lavinicola-geneve.ch\/en\/wp-json\/wp\/v2\/users\/1"}],"replies":[{"embeddable":true,"href":"https:\/\/lavinicola-geneve.ch\/en\/wp-json\/wp\/v2\/comments?post=24"}],"version-history":[{"count":4,"href":"https:\/\/lavinicola-geneve.ch\/en\/wp-json\/wp\/v2\/pages\/24\/revisions"}],"predecessor-version":[{"id":419,"href":"https:\/\/lavinicola-geneve.ch\/en\/wp-json\/wp\/v2\/pages\/24\/revisions\/419"}],"wp:attachment":[{"href":"https:\/\/lavinicola-geneve.ch\/en\/wp-json\/wp\/v2\/media?parent=24"}],"curies":[{"name":"wp","href":"https:\/\/api.w.org\/{rel}","templated":true}]}}